{"id":9915,"date":"2019-09-14T14:15:00","date_gmt":"2019-09-14T12:15:00","guid":{"rendered":"https:\/\/www.plumlune.ch\/fr\/?page_id=9915"},"modified":"2022-10-07T17:35:15","modified_gmt":"2022-10-07T15:35:15","slug":"soins-uterus","status":"publish","type":"page","link":"https:\/\/www.plumlune.ch\/fr\/soins-uterus\/","title":{"rendered":"Soins de l&rsquo;ut\u00e9rus"},"content":{"rendered":"<p>[vc_row][vc_column][\/vc_column]<div class='dt-sc-title with-two-border with-sub-title '><h2>Womb Healing<\/h2><h3>R\u00e9\u00e9quilibrage du F\u00e9minin Sacr\u00e9<\/h3><\/div>[vc_column_text css_animation=\u00a0\u00bbfadeInUp\u00a0\u00bb css=\u00a0\u00bb.vc_custom_1638613654097{margin-bottom: 30px !important;}\u00a0\u00bb]<\/p>\n<p><center>Le Soin de l\u2019Ut\u00e9rus (ou Womb Healing) r\u00e9\u00e9quilibre en douceur chaque facette de notre f\u00e9minit\u00e9, r\u00e9\u00e9quilibre en nous<br \/>\nles 4 arch\u00e9types et peut \u00eatre un bon compl\u00e9ment \u00e0 une B\u00e9n\u00e9diction de l\u2019Ut\u00e9rus et \u00e0 l\u2019int\u00e9gration de cette puissante \u00e9nergie.<br \/>\nUn soin peut r\u00e9\u00e9quilibrer un cycle menstruel perturb\u00e9 et vous apporter une stabilit\u00e9\u00a0ainsi qu\u2019un sentiment de compl\u00e9tude si vous n\u2019avez plus de cycle.<\/center>[\/vc_column_text][vc_column_inner width=\u00a0\u00bb4\/4&Prime;]<\/p>\n<p><center><img decoding=\"async\" class=\"shadowbox bounceIn\" style=\"width: 800px; height: auto;\" src=\"https:\/\/www.plumlune.ch\/fr\/wp-content\/uploads\/2019\/08\/soin-de-l-ame-feminine.jpg\" \/><\/center><br \/>\n[\/vc_column_inner]<div id=\"\" class=\"dt-sc-empty-space\"><\/div>[vc_row_inner css=\u00a0\u00bb.vc_custom_1638613687959{margin-top: 25px !important;margin-bottom: 25px !important;}\u00a0\u00bb][vc_column_inner el_align=\u00a0\u00bbcenter\u00a0\u00bb width=\u00a0\u00bb2\/5&Prime;]<h3 class=\"floral-head alignright\">Le soin de l'ut\u00e9rus permet de :<\/h3><div id=\"1539674758725-8df114a0-4f5b\" class=\"dt-sc-empty-space\"><\/div>[vc_column_text el_class=\u00a0\u00bbalignright\u00a0\u00bb][\/vc_column_text][\/vc_column_inner][vc_column_inner width=\u00a0\u00bb3\/5&Prime;]<div class=\"uavc-list-icon uavc-list-icon-wrapper ult-adjust-bottom-margin   \"><ul class=\"uavc-list\"><li><div class=\"uavc-list-content\" id=\"list-icon-wrap-3639\">\n<div class=\"uavc-list-icon dt-sc-skin-color \" data-animation=\"\" data-animation-delay=\"03\" style=\"margin-right:20px;\"><div class=\"ult-just-icon-wrapper  \"><div class=\"align-icon\" style=\"text-align:center;\">\n<div class=\"aio-icon none \"  style=\"font-size:14px;display:inline-block;\">\n\t<i class=\"fa fa-envira\"><\/i>\n<\/div><\/div><\/div>\n<\/div><span  data-ultimate-target='#list-icon-wrap-3639 .uavc-list-desc'  data-responsive-json-new='{\"font-size\":\"\",\"line-height\":\"\"}'  class=\"uavc-list-desc ult-responsive\" style=\"\">Soigner certaines facettes des arch\u00e9types f\u00e9minins qui sont d\u00e9j\u00e0 \u00e9veill\u00e9s dans la vie d\u2019une femme, mais qui sont en manque d\u2019\u00e9nergie ou bloqu\u00e9s.<\/span><\/div><\/li><li><div class=\"uavc-list-content\" id=\"list-icon-wrap-7307\">\n<div class=\"uavc-list-icon dt-sc-skin-color \" data-animation=\"\" data-animation-delay=\"03\" style=\"margin-right:20px;\"><div class=\"ult-just-icon-wrapper  \"><div class=\"align-icon\" style=\"text-align:center;\">\n<div class=\"aio-icon none \"  style=\"font-size:14px;display:inline-block;\">\n\t<i class=\"fa fa-envira\"><\/i>\n<\/div><\/div><\/div>\n<\/div><span  data-ultimate-target='#list-icon-wrap-7307 .uavc-list-desc'  data-responsive-json-new='{\"font-size\":\"\",\"line-height\":\"\"}'  class=\"uavc-list-desc ult-responsive\" style=\"\">R\u00e9activer et \u00e9quilibrer le flux d\u2019\u00e9nergie entre les arch\u00e9types, \u00e9quilibrant le cycle menstruel.<\/span><\/div><\/li><\/ul><\/div>[\/vc_column_inner][\/vc_row_inner][vc_row][\/vc_row][vc_column][\/vc_column][vc_column_text css_animation=\u00a0\u00bbfadeInUp\u00a0\u00bb]<\/p>\n<div class=\"inbox\"><h2 class='hr-title'><span> SOIN \/ S\u00c9ANCE<\/span><\/h2><br \/>\n[vc_column_inner width=\u00a0\u00bb1\/4&Prime;]<br \/>\n<div class='dt-sc-icon-box type3 style bounce-in'><div class=\"icon-wrapper\"><span><img loading=\"lazy\" decoding=\"async\" width=\"180\" height=\"180\" src=\"https:\/\/www.plumlune.ch\/fr\/wp-content\/uploads\/2019\/08\/ico-home1.png\" class=\"attachment-full\" alt=\"\" srcset=\"https:\/\/www.plumlune.ch\/fr\/wp-content\/uploads\/2019\/08\/ico-home1.png 180w, https:\/\/www.plumlune.ch\/fr\/wp-content\/uploads\/2019\/08\/ico-home1-150x150.png 150w\" sizes=\"auto, (max-width: 180px) 100vw, 180px\" \/><\/span><\/div><div class=\"icon-content\"><p><strong>Le soin de l&rsquo;ut\u00e9rus<\/strong><\/p><\/div><\/div><br \/>\n[\/vc_column_inner]<br \/>\n[vc_column_inner width=\u00a0\u00bb3\/4&Prime;]<br \/>\n<strong>Tarif :<\/strong>\u00a0100 CHF<br \/>\n<strong>Dur\u00e9e :<\/strong>\u00a0environ 40-45 minutes<br \/>\n<strong>Pour qui\u00a0?<\/strong>\u00a0: pour les femmes (avec ou sans ut\u00e9rus, avec ou sans cycle)<br \/>\n<span style=\"margin-left: 96px;\">et les adolescentes (ayant d\u00e9j\u00e0 eu leurs premi\u00e8res r\u00e8gles)<\/span><br \/>\n<strong>D\u00e9roulement :<\/strong> la Femme recevant le soin est v\u00eatue et en position allong\u00e9e.La s\u00e9ance d\u00e9bute par un temps d\u2019\u00e9change.<br \/>\nElle se poursuit par une m\u00e9ditation, puis vient le Soin de l\u2019Ut\u00e9rus.<br \/>\nJe vous propose ensuite un tirage de cartes sur le th\u00e8me du F\u00e9minin Sacr\u00e9.<br \/>\nPour finir nous partagerons une tisane et une collation.<br \/>\n&nbsp;<br \/>\n[\/vc_column_inner]<br \/>\n<div id=\"1542179026035-4309ede2-372d\" class=\"dt-sc-empty-space\"><\/div>\n<\/div>\n<p>[\/vc_column_text]<h2 class='hr-title'><span>Comment fixer un rendez-vous<\/span><\/h2><div id=\"\" class=\"dt-sc-empty-space\"><\/div>[vc_column css_animation=\u00a0\u00bbbounceIn\u00a0\u00bb width=\u00a0\u00bb1\/3&Prime;][vc_column_text]<a class='dt-sc-colored-big-buttons with-left-icon blue ' target=' _blank' title='' href='tel:00798161995'> <span class='pe-icon pe-phone'> <\/span> Contact <br> <strong>T\u00e9l\u00e9phone<\/strong> <\/a>[\/vc_column_text][\/vc_column][vc_column css_animation=\u00a0\u00bbbounceIn\u00a0\u00bb width=\u00a0\u00bb1\/3&Prime;][vc_column_text]<a class='dt-sc-colored-big-buttons with-left-icon orange ' target=' _blank' title='' href='mailto:maelle@plumlune.ch'> <span class='pe-icon pe-mail'> <\/span> Contact <br> <strong>e-mail<\/strong> <\/a>[\/vc_column_text][\/vc_column][vc_column css_animation=\u00a0\u00bbbounceIn\u00a0\u00bb width=\u00a0\u00bb1\/3&Prime;][vc_column_text]<a class='dt-sc-colored-big-buttons with-left-icon green ' target=' _blank' title='' href='https:\/\/www.plumlune.ch\/fr\/appointments\/'> <span class='pe-icon pe-note2'> <\/span> Contact <br> <strong>formulaire<\/strong> <\/a>[\/vc_column_text][\/vc_column]<\/p>\n","protected":false},"excerpt":{"rendered":"<p>[vc_row][vc_column][\/vc_column]Womb HealingR\u00e9\u00e9quilibrage du F\u00e9minin Sacr\u00e9[vc_column_text css_animation=\u00a0\u00bbfadeInUp\u00a0\u00bb css=\u00a0\u00bb.vc_custom_1638613654097{margin-bottom: 30px !important;}\u00a0\u00bb] Le Soin de l\u2019Ut\u00e9rus (ou Womb Healing) r\u00e9\u00e9quilibre en douceur chaque facette de notre f\u00e9minit\u00e9, r\u00e9\u00e9quilibre en nous les 4 arch\u00e9types et peut \u00eatre un bon compl\u00e9ment \u00e0 une B\u00e9n\u00e9diction de l\u2019Ut\u00e9rus et \u00e0 l\u2019int\u00e9gration de cette puissante \u00e9nergie. Un soin peut r\u00e9\u00e9quilibrer un cycle menstruel [&hellip;]<\/p>\n","protected":false},"author":1,"featured_media":9911,"parent":0,"menu_order":0,"comment_status":"open","ping_status":"open","template":"","meta":{"footnotes":""},"class_list":["post-9915","page","type-page","status-publish","has-post-thumbnail","hentry"],"_links":{"self":[{"href":"https:\/\/www.plumlune.ch\/fr\/wp-json\/wp\/v2\/pages\/9915","targetHints":{"allow":["GET"]}}],"collection":[{"href":"https:\/\/www.plumlune.ch\/fr\/wp-json\/wp\/v2\/pages"}],"about":[{"href":"https:\/\/www.plumlune.ch\/fr\/wp-json\/wp\/v2\/types\/page"}],"author":[{"embeddable":true,"href":"https:\/\/www.plumlune.ch\/fr\/wp-json\/wp\/v2\/users\/1"}],"replies":[{"embeddable":true,"href":"https:\/\/www.plumlune.ch\/fr\/wp-json\/wp\/v2\/comments?post=9915"}],"version-history":[{"count":20,"href":"https:\/\/www.plumlune.ch\/fr\/wp-json\/wp\/v2\/pages\/9915\/revisions"}],"predecessor-version":[{"id":10439,"href":"https:\/\/www.plumlune.ch\/fr\/wp-json\/wp\/v2\/pages\/9915\/revisions\/10439"}],"wp:featuredmedia":[{"embeddable":true,"href":"https:\/\/www.plumlune.ch\/fr\/wp-json\/wp\/v2\/media\/9911"}],"wp:attachment":[{"href":"https:\/\/www.plumlune.ch\/fr\/wp-json\/wp\/v2\/media?parent=9915"}],"curies":[{"name":"wp","href":"https:\/\/api.w.org\/{rel}","templated":true}]}}