{"id":5799,"date":"2019-08-02T08:08:30","date_gmt":"2019-08-02T06:08:30","guid":{"rendered":"https:\/\/www.plumlune.ch\/fr\/?page_id=5799"},"modified":"2021-12-06T22:05:12","modified_gmt":"2021-12-06T21:05:12","slug":"qui-suis-je","status":"publish","type":"page","link":"https:\/\/www.plumlune.ch\/fr\/qui-suis-je\/","title":{"rendered":"Qui suis-je ?"},"content":{"rendered":"<p>[vc_row][vc_column]<div class='dt-sc-title with-two-border with-sub-title '><h2>Qui Suis-je ?<\/h2><h3>A propos de moi<\/h3><\/div>[\/vc_column][\/vc_row][vc_row][vc_column][vc_column_text]<br \/>\n[\/vc_column_text][\/vc_column][\/vc_row][vc_row][vc_column][vc_column_text css_animation=\u00a0\u00bbfadeInUp\u00a0\u00bb]<\/p>\n<div style=\"margin-top: -20px;\"><center>Je m\u2019appelle Ma\u00eblle, je suis Moon Mother et amoureuse du Valais en Suisse.<\/center><center>Une Moon Mother, ou M\u00e8re Lunaire, est une femme qui a re\u00e7u un appel du c\u0153ur pour aider les femmes<\/center><center>\u00e0 \u00e9veiller leur f\u00e9minit\u00e9 authentique et \u00e0 soigner les blessures et sch\u00e9mas cr\u00e9\u00e9s par la vie moderne.<\/center><\/div>\n<p><center>Elle \u0153uvre pour que les femmes fassent (re)surgir du fond d\u2019elles-m\u00eames leur authentique puissance sensuelle, sexuelle,<\/center><center>cr\u00e9ative et spirituelle. Elle marche sur un merveilleux chemin au service des femmes du monde, en offrant des soins d\u2019\u00e9veil \u00e9nerg\u00e9tique.<\/center>[\/vc_column_text][\/vc_column][\/vc_row][vc_row full_width=\u00a0\u00bbstretch_row\u00a0\u00bb bg_type=\u00a0\u00bbimage\u00a0\u00bb parallax_style=\u00a0\u00bbvcpb-vz-jquery\u00a0\u00bb bg_image_new=\u00a0\u00bbid^10344|url^https:\/\/www.plumlune.ch\/fr\/wp-content\/uploads\/2021\/12\/A-propos-de-maelle.jpg|caption^null|alt^null|title^A-propos-de-maelle|description^null\u00a0\u00bb bg_image_repeat=\u00a0\u00bbno-repeat\u00a0\u00bb parallax_sense=\u00a0\u00bb66&Prime; el_class=\u00a0\u00bbdt-sc-dark-bg\u00a0\u00bb][vc_column]<div id=\"1542949026480-5622041f-0620\" class=\"dt-sc-empty-space\"><\/div>[\/vc_column][vc_column css_animation=\u00a0\u00bbbounceInUp\u00a0\u00bb width=\u00a0\u00bb1\/3&Prime; el_class=\u00a0\u00bbrs_col-sm-12 spalab_contactinfo\u00a0\u00bb]<h3>Contactez-moi !<\/h3><div id=\"1540365547030-ae8dd773-8122\" class=\"dt-sc-empty-space\"><\/div><div class='dt-sc-contact-info  '><span class='fa fa-phone'> <\/span><strong>T\u00e9l\u00e9phone :<\/strong> +41-79-816.19.95<\/div><div class='dt-sc-contact-info  '><span class='fa fa-envelope'> <\/span><strong>Email<\/strong> :\u00a0<a href=\"mailto:maelle@plumlune.ch\">maelle@plumlune.ch<\/a><\/div><div class='dt-sc-contact-info  '><span class='fa fa-globe'> <\/span><strong>Site web<\/strong> :\u00a0<a href=\"https:\/\/www.plumlune.ch\/fr\">www.plumlune.ch<\/a><\/div><div class='dt-sc-contact-info  '><span class='fa fa-pencil'> <\/span><strong>Formulaire\u00a0<\/strong> :\u00a0<a href=\"https:\/\/www.plumlune.ch\/fr\/appointments\/\">En ligne<\/a><\/div><div id=\"1542949190020-95733ed2-6d90\" class=\"dt-sc-empty-space\"><\/div>[\/vc_column][vc_column width=\u00a0\u00bb1\/3&Prime; el_class=\u00a0\u00bbrs_col-sm-12&Prime;]<div id=\"1540375888657-826d8771-a7d0\" class=\"dt-sc-empty-space\"><\/div>[\/vc_column][vc_column width=\u00a0\u00bb1\/3&Prime; el_class=\u00a0\u00bbrs_col-sm-12&Prime;][vc_column_text]<a class=\"bounce-in\"><img decoding=\"async\" class=\"bounceIn\" style=\"margin-top: 208px; float: right; position: relative; opacity: 0.5; right: 10px;\" src=\"https:\/\/www.plumlune.ch\/fr\/wp-content\/uploads\/2019\/08\/namelogo.png\" \/><\/a>[\/vc_column_text][\/vc_column][\/vc_row][vc_row full_width=\u00a0\u00bbstretch_row\u00a0\u00bb css=\u00a0\u00bb.vc_custom_1542949834015{margin-top: 5px !important;background-position: 0 0 !important;background-repeat: no-repeat !important;}\u00a0\u00bb][vc_column]<div  class='dt-sc-callout-box type1 ' ><p class=\"vc_custom_heading vc_custom_1540450677699\">PLUME = J\u2019ai toujours \u00e9t\u00e9 une amoureuse des mots, de la po\u00e9sie et de la litt\u00e9rature en g\u00e9n\u00e9ral. Par ailleurs je poss\u00e8de un dipl\u00f4me de libraire et suis \u00e9galement auteure, conteuse et com\u00e9dienne. J\u2019aime organiser des cercles de femmes avec diverses lectures sur le th\u00e8me du F\u00e9minin Sacr\u00e9. La plume illustre \u00e9galement le peuple Sioux Lakota envers lequel j\u2019ai un amour et un respect infini, et que je soutiens au travers d\u2019une association humanitaire qui leur vient en aide : <a style=\"color: #515151;\" href=\"https:\/\/www.onespiritlakota.org\/\" target=\"_blank\" rel=\"noopener\">www.onespiritlakota.org<\/a><\/p>\n<p class=\"vc_custom_heading\">LUNE = Moon. Je suis Moon Mother\u00b0 certifi\u00e9e par Miranda Gray. Une Moon Mother\u00b0 est une femme qui a re\u00e7u l\u2019appel du c\u0153ur pour aider les femmes \u00e0 \u00e9veiller leur f\u00e9minit\u00e9 authentique et \u00e0 soigner les blessures et sch\u00e9mas cr\u00e9\u00e9s par la vie moderne et le mode de vie patriarcal. Elle \u0153uvre pour que les femmes fassent ressurgir du fond d\u2019elles-m\u00eames leur authentique puissance sensuelle, sexuelle, cr\u00e9ative et spirituelle. Elle marche sur un merveilleux chemin au service des femmes du monde, en offrant des soins d\u2019\u00e9veil \u00e9nerg\u00e9tique<\/p><\/div>[\/vc_column][\/vc_row][vc_row][vc_column]<div id=\"1542950128857-b9198d48-db1d\" class=\"dt-sc-empty-space\"><\/div>[\/vc_column][\/vc_row][vc_row][vc_column][vc_single_image image=\u00a0\u00bb10338&Prime; img_size=\u00a0\u00bbfull\u00a0\u00bb alignment=\u00a0\u00bbcenter\u00a0\u00bb style=\u00a0\u00bbvc_box_shadow_border\u00a0\u00bb onclick=\u00a0\u00bbimg_link_large\u00a0\u00bb img_link_target=\u00a0\u00bb_blank\u00a0\u00bb css_animation=\u00a0\u00bbbounceIn\u00a0\u00bb title=\u00a0\u00bbSpectacle 2019&Prime; el_class=\u00a0\u00bbrollover-bw\u00a0\u00bb css=\u00a0\u00bb.vc_custom_1638715740996{margin-bottom: 40px !important;}\u00a0\u00bb]<span class=' dt-sc-pullquote2 quotes' > Les deux plus grandes passions de ma vie sont le peuple Sioux et le F\u00e9minin Sacr\u00e9. D\u2019aussi loin que je puisse me rappeler j\u2019ai toujours \u00e9t\u00e9 follement attir\u00e9e par les am\u00e9rindiens, et en particulier par le peuple Sioux Lakota. Un jour j\u2019ai eu la chance merveilleuse de rencontrer une femme ayant grandi dans cette culture. Elle voyageait en Europe avec son mari pour donner des s\u00e9minaires et enseignements spirituels sur son peuple. Aupr\u00e8s d\u2019elle ce fut la r\u00e9v\u00e9lation du F\u00e9minin Sacr\u00e9 ! Un v\u00e9ritable choc, qui devint par la suite mon chemin de vie. Je suis donc tout naturellement devenue MoonMother, en continuant d\u2019aider \u00e0 travers l\u2019humanitaire le peuple de la r\u00e9serve de Pine Ridge dans le Dakota du Sud, o\u00f9 r\u00e9sident aujourd\u2019hui les descendants de Sitting Bull. <\/span><div id=\"1638609527375-a455ca5e-5641\" class=\"dt-sc-empty-space\"><\/div>[\/vc_column][\/vc_row][vc_row full_width=\u00a0\u00bbstretch_row\u00a0\u00bb bg_type=\u00a0\u00bbimage\u00a0\u00bb parallax_style=\u00a0\u00bbvcpb-vz-jquery\u00a0\u00bb bg_image_new=\u00a0\u00bbid^9095|url^https:\/\/www.plumlune.ch\/fr\/wp-content\/uploads\/2019\/01\/we-specialize-parallax.jpg|caption^null|alt^null|title^we-specialize-parallax|description^null\u00a0\u00bb bg_image_repeat=\u00a0\u00bbno-repeat\u00a0\u00bb parallax_sense=\u00a0\u00bb40&Prime; bg_override=\u00a0\u00bbfull\u00a0\u00bb el_class=\u00a0\u00bbdt-sc-dark-bg strip-bg\u00a0\u00bb css=\u00a0\u00bb.vc_custom_1638611014095{padding-top: 50px !important;}\u00a0\u00bb][vc_column el_align=\u00a0\u00bbcenter\u00a0\u00bb css=\u00a0\u00bb.vc_custom_1638608763128{padding-top: 40px !important;padding-bottom: 40px !important;}\u00a0\u00bb][vc_column_inner el_align=\u00a0\u00bbcenter\u00a0\u00bb width=\u00a0\u00bb2\/5&Prime;]<h3 class=\"floral-head alignright\">Des \u00ab m\u00e8res \u00bb veilleuses th\u00e9rapeutes :<\/h3><div id=\"1539674758725-8df114a0-4f5b\" class=\"dt-sc-empty-space\"><\/div>[vc_column_text el_class=\u00a0\u00bbalignright\u00a0\u00bb][\/vc_column_text][\/vc_column_inner][vc_column_inner el_align=\u00a0\u00bbleft\u00a0\u00bb width=\u00a0\u00bb3\/5&Prime;]<div class=\"uavc-list-icon uavc-list-icon-wrapper ult-adjust-bottom-margin   \"><ul class=\"uavc-list\"><li><div class=\"uavc-list-content\" id=\"list-icon-wrap-7429\">\n<div class=\"uavc-list-icon dt-sc-skin-color \" data-animation=\"\" data-animation-delay=\"03\" style=\"margin-right:20px;\"><div class=\"ult-just-icon-wrapper  \"><div class=\"align-icon\" style=\"text-align:center;\">\n<div class=\"aio-icon none \"  style=\"font-size:20px;display:inline-block;\">\n\t<i class=\"fa fa-globe\"><\/i>\n<\/div><\/div><\/div>\n<\/div><span  data-ultimate-target='#list-icon-wrap-7429 .uavc-list-desc'  data-responsive-json-new='{\"font-size\":\"\",\"line-height\":\"\"}'  class=\"uavc-list-desc ult-responsive\" style=\"\"><a class=\"rollover-blue\" href=\"http:\/\/www.espritdefemme.ch\" target=\"_blank\" rel=\"noopener noreferrer\">www.espritdefemme.ch <span style=\"color: rgba(0,0,0,0.75);\">de Marianne Grasselli Meier<\/span><\/a><\/span><\/div><\/li><li><div class=\"uavc-list-content\" id=\"list-icon-wrap-6620\">\n<div class=\"uavc-list-icon dt-sc-skin-color \" data-animation=\"\" data-animation-delay=\"03\" style=\"margin-right:20px;\"><div class=\"ult-just-icon-wrapper  \"><div class=\"align-icon\" style=\"text-align:center;\">\n<div class=\"aio-icon none \"  style=\"font-size:20px;display:inline-block;\">\n\t<i class=\"fa fa-globe\"><\/i>\n<\/div><\/div><\/div>\n<\/div><span  data-ultimate-target='#list-icon-wrap-6620 .uavc-list-desc'  data-responsive-json-new='{\"font-size\":\"\",\"line-height\":\"\"}'  class=\"uavc-list-desc ult-responsive\" style=\"\"><a class=\"rollover-blue\" href=\"http:\/\/www.medicineeagle.com\" target=\"_blank\" rel=\"noopener noreferrer\">www.medicineeagle.com <span style=\"color: rgba(0,0,0,0.75);\">de Brooke Medecine Eagle<\/span><\/a><\/span><\/div><\/li><li><div class=\"uavc-list-content\" id=\"list-icon-wrap-7616\">\n<div class=\"uavc-list-icon dt-sc-skin-color \" data-animation=\"\" data-animation-delay=\"03\" style=\"margin-right:20px;\"><div class=\"ult-just-icon-wrapper  \"><div class=\"align-icon\" style=\"text-align:center;\">\n<div class=\"aio-icon none \"  style=\"font-size:20px;display:inline-block;\">\n\t<i class=\"fa fa-globe\"><\/i>\n<\/div><\/div><\/div>\n<\/div><span  data-ultimate-target='#list-icon-wrap-7616 .uavc-list-desc'  data-responsive-json-new='{\"font-size\":\"\",\"line-height\":\"\"}'  class=\"uavc-list-desc ult-responsive\" style=\"\"><a class=\"rollover-blue\" href=\"http:\/\/www.mirandagray.com\" target=\"_blank\" rel=\"noopener noreferrer\">www.mirandagray.com <span style=\"color: rgba(0,0,0,0.75);\">de Miranda Gray<\/span><\/a> <\/span><\/div><\/li><li><div class=\"uavc-list-content\" id=\"list-icon-wrap-3493\">\n<div class=\"uavc-list-icon dt-sc-skin-color \" data-animation=\"\" data-animation-delay=\"03\" style=\"margin-right:20px;\"><div class=\"ult-just-icon-wrapper  \"><div class=\"align-icon\" style=\"text-align:center;\">\n<div class=\"aio-icon none \"  style=\"font-size:20px;display:inline-block;\">\n\t<i class=\"fa fa-globe\"><\/i>\n<\/div><\/div><\/div>\n<\/div><span  data-ultimate-target='#list-icon-wrap-3493 .uavc-list-desc'  data-responsive-json-new='{\"font-size\":\"\",\"line-height\":\"\"}'  class=\"uavc-list-desc ult-responsive\" style=\"\"><a class=\"rollover-blue\" href=\"http:\/\/www.coaching-yggdrasil.ch\" target=\"_blank\" rel=\"noopener noreferrer\">www.coaching-yggdrasil.ch <span style=\"color: rgba(0,0,0,0.75);\">de Bettina Kreissl Lonfat<\/span><\/a><\/span><\/div><\/li><li><div class=\"uavc-list-content\" id=\"list-icon-wrap-5752\">\n<div class=\"uavc-list-icon dt-sc-skin-color \" data-animation=\"\" data-animation-delay=\"03\" style=\"margin-right:20px;\"><div class=\"ult-just-icon-wrapper  \"><div class=\"align-icon\" style=\"text-align:center;\">\n<div class=\"aio-icon none \"  style=\"font-size:20px;display:inline-block;\">\n\t<i class=\"fa fa-globe\"><\/i>\n<\/div><\/div><\/div>\n<\/div><span  data-ultimate-target='#list-icon-wrap-5752 .uavc-list-desc'  data-responsive-json-new='{\"font-size\":\"\",\"line-height\":\"\"}'  class=\"uavc-list-desc ult-responsive\" style=\"\"><a class=\"rollover-blue\" href=\"http:\/\/www.lecoeurdulotus.ch\" target=\"_blank\" rel=\"noopener noreferrer\">www.lecoeurdulotus.ch <span style=\"color: rgba(0,0,0,0.75);\">de Erika Vercellini<\/span><\/a><\/span><\/div><\/li><li><div class=\"uavc-list-content\" id=\"list-icon-wrap-9553\">\n<div class=\"uavc-list-icon dt-sc-skin-color \" data-animation=\"\" data-animation-delay=\"03\" style=\"margin-right:20px;\"><div class=\"ult-just-icon-wrapper  \"><div class=\"align-icon\" style=\"text-align:center;\">\n<div class=\"aio-icon none \"  style=\"font-size:20px;display:inline-block;\">\n\t<i class=\"fa fa-globe\"><\/i>\n<\/div><\/div><\/div>\n<\/div><span  data-ultimate-target='#list-icon-wrap-9553 .uavc-list-desc'  data-responsive-json-new='{\"font-size\":\"\",\"line-height\":\"\"}'  class=\"uavc-list-desc ult-responsive\" style=\"\"><a class=\"rollover-blue\" href=\"http:\/\/www.aucentredesemotions.ch\" target=\"_blank\" rel=\"noopener noreferrer\">www.aucentredesemotions.ch <span style=\"color: rgba(0,0,0,0.75);\">de Sylvie Normand Berthouzoz<\/span><\/a><\/span><\/div><\/li><li><div class=\"uavc-list-content\" id=\"list-icon-wrap-3649\">\n<div class=\"uavc-list-icon dt-sc-skin-color \" data-animation=\"\" data-animation-delay=\"03\" style=\"margin-right:20px;\"><div class=\"ult-just-icon-wrapper  \"><div class=\"align-icon\" style=\"text-align:center;\">\n<div class=\"aio-icon none \"  style=\"font-size:20px;display:inline-block;\">\n\t<i class=\"fa fa-globe\"><\/i>\n<\/div><\/div><\/div>\n<\/div><span  data-ultimate-target='#list-icon-wrap-3649 .uavc-list-desc'  data-responsive-json-new='{\"font-size\":\"\",\"line-height\":\"\"}'  class=\"uavc-list-desc ult-responsive\" style=\"\"><a class=\"rollover-blue\" href=\"http:\/\/www.compagnieneo.ch\" target=\"_blank\" rel=\"noopener noreferrer\">www.compagnieneo.ch <span style=\"color: rgba(0,0,0,0.75);\">de Estelle Roux<\/span><\/a><\/span><\/div><\/li><\/ul><\/div>[\/vc_column_inner][\/vc_column][\/vc_row][vc_row][vc_column]<div id=\"1638609552174-b0faeaa6-71db\" class=\"dt-sc-empty-space\"><\/div>[vc_column_text]Pour r\u00e9veiller en vous la Femme Sauvage :[\/vc_column_text][\/vc_column][\/vc_row][vc_row][vc_column width=\u00a0\u00bb1\/3&Prime;][vc_video link=\u00a0\u00bbhttps:\/\/youtu.be\/kGalzP6elto\u00a0\u00bb align=\u00a0\u00bbcenter\u00a0\u00bb yt_autoplay=\u00a0\u00bb\u00a0\u00bb yt_sugg_video=\u00a0\u00bb\u00a0\u00bb yt_mute_control=\u00a0\u00bb\u00a0\u00bb yt_modest_branding=\u00a0\u00bb\u00a0\u00bb yt_privacy_mode=\u00a0\u00bb\u00a0\u00bb play_size=\u00a0\u00bb75&Prime; enable_sub_bar=\u00a0\u00bb\u00a0\u00bb]<div id=\"1540815753027-c49423b4-c1e5\" class=\"dt-sc-empty-space\"><\/div>[\/vc_column][vc_column width=\u00a0\u00bb1\/3&Prime;][vc_video link=\u00a0\u00bbhttps:\/\/youtu.be\/04fEWQOwUD4&Prime; align=\u00a0\u00bbcenter\u00a0\u00bb yt_autoplay=\u00a0\u00bb\u00a0\u00bb yt_sugg_video=\u00a0\u00bb\u00a0\u00bb yt_mute_control=\u00a0\u00bb\u00a0\u00bb yt_modest_branding=\u00a0\u00bb\u00a0\u00bb yt_privacy_mode=\u00a0\u00bb\u00a0\u00bb play_size=\u00a0\u00bb75&Prime; enable_sub_bar=\u00a0\u00bb\u00a0\u00bb]<div id=\"1540815753027-c49423b4-c1e5\" class=\"dt-sc-empty-space\"><\/div>[\/vc_column][vc_column width=\u00a0\u00bb1\/3&Prime;][vc_video link=\u00a0\u00bbhttps:\/\/youtu.be\/wkxKfDmKzrk?list=OLAK5uy_kDXN7nX5RIi8Ouo2QsNGgtaPj4xTRoPww\u00a0\u00bb align=\u00a0\u00bbcenter\u00a0\u00bb yt_autoplay=\u00a0\u00bb\u00a0\u00bb yt_sugg_video=\u00a0\u00bb\u00a0\u00bb yt_mute_control=\u00a0\u00bb\u00a0\u00bb yt_modest_branding=\u00a0\u00bb\u00a0\u00bb yt_privacy_mode=\u00a0\u00bb\u00a0\u00bb play_size=\u00a0\u00bb75&Prime; enable_sub_bar=\u00a0\u00bb\u00a0\u00bb]<div id=\"1540815753027-c49423b4-c1e5\" class=\"dt-sc-empty-space\"><\/div>[\/vc_column][vc_column width=\u00a0\u00bb4\/4&Prime;][vc_column_text]Un chant d\u2019Amour et de Force pour toutes les femmes :[\/vc_column_text][\/vc_column][\/vc_row][vc_row][vc_column width=\u00a0\u00bb1\/3&Prime;][vc_video link=\u00a0\u00bbhttps:\/\/youtu.be\/4L9tXzdm39w\u00a0\u00bb align=\u00a0\u00bbcenter\u00a0\u00bb yt_autoplay=\u00a0\u00bb\u00a0\u00bb yt_sugg_video=\u00a0\u00bb\u00a0\u00bb yt_mute_control=\u00a0\u00bb\u00a0\u00bb yt_modest_branding=\u00a0\u00bb\u00a0\u00bb yt_privacy_mode=\u00a0\u00bb\u00a0\u00bb play_size=\u00a0\u00bb75&Prime; enable_sub_bar=\u00a0\u00bb\u00a0\u00bb]<div id=\"1540815753027-c49423b4-c1e5\" class=\"dt-sc-empty-space\"><\/div>[\/vc_column][vc_column width=\u00a0\u00bb1\/3&Prime;][vc_column_text]<br \/>\n[\/vc_column_text][\/vc_column][vc_column width=\u00a0\u00bb1\/3&Prime;][vc_column_text]<br \/>\n[\/vc_column_text][\/vc_column][\/vc_row]<\/p>\n","protected":false},"excerpt":{"rendered":"<p>[vc_row][vc_column]Qui Suis-je ?A propos de moi[\/vc_column][\/vc_row][vc_row][vc_column][vc_column_text] [\/vc_column_text][\/vc_column][\/vc_row][vc_row][vc_column][vc_column_text css_animation=\u00a0\u00bbfadeInUp\u00a0\u00bb] Je m\u2019appelle Ma\u00eblle, je suis Moon Mother et amoureuse du Valais en Suisse.Une Moon Mother, ou M\u00e8re Lunaire, est une femme qui a re\u00e7u un appel du c\u0153ur pour aider les femmes\u00e0 \u00e9veiller leur f\u00e9minit\u00e9 authentique et \u00e0 soigner les blessures et sch\u00e9mas cr\u00e9\u00e9s par la vie [&hellip;]<\/p>\n","protected":false},"author":1,"featured_media":0,"parent":0,"menu_order":0,"comment_status":"closed","ping_status":"closed","template":"","meta":{"footnotes":""},"class_list":["post-5799","page","type-page","status-publish","hentry"],"_links":{"self":[{"href":"https:\/\/www.plumlune.ch\/fr\/wp-json\/wp\/v2\/pages\/5799","targetHints":{"allow":["GET"]}}],"collection":[{"href":"https:\/\/www.plumlune.ch\/fr\/wp-json\/wp\/v2\/pages"}],"about":[{"href":"https:\/\/www.plumlune.ch\/fr\/wp-json\/wp\/v2\/types\/page"}],"author":[{"embeddable":true,"href":"https:\/\/www.plumlune.ch\/fr\/wp-json\/wp\/v2\/users\/1"}],"replies":[{"embeddable":true,"href":"https:\/\/www.plumlune.ch\/fr\/wp-json\/wp\/v2\/comments?post=5799"}],"version-history":[{"count":130,"href":"https:\/\/www.plumlune.ch\/fr\/wp-json\/wp\/v2\/pages\/5799\/revisions"}],"predecessor-version":[{"id":10425,"href":"https:\/\/www.plumlune.ch\/fr\/wp-json\/wp\/v2\/pages\/5799\/revisions\/10425"}],"wp:attachment":[{"href":"https:\/\/www.plumlune.ch\/fr\/wp-json\/wp\/v2\/media?parent=5799"}],"curies":[{"name":"wp","href":"https:\/\/api.w.org\/{rel}","templated":true}]}}