{"id":247,"date":"2019-01-01T08:08:35","date_gmt":"2019-01-01T07:08:35","guid":{"rendered":"http:\/\/wedesignthemes.com\/themes\/dummy-soulmedic\/?page_id=62"},"modified":"2021-12-04T22:54:24","modified_gmt":"2021-12-04T21:54:24","slug":"appointments","status":"publish","type":"page","link":"https:\/\/www.plumlune.ch\/fr\/appointments\/","title":{"rendered":"R\u00e9servation"},"content":{"rendered":"<p>[vc_row][vc_column]<div class='dt-sc-title with-two-border with-sub-title '><h2>Fixer un rendez-vous<\/h2><h3>3 m\u00e9thodes pour r\u00e9server un soin.<\/h3><\/div>[\/vc_column][\/vc_row][vc_row][vc_column width=\u00a0\u00bb2\/3&Prime; el_class=\u00a0\u00bbrs_col-sm-7&Prime;]<h3>Formulaire prise de rendez-vous<\/h3><div class=\"wpforms-container wpforms-container-full\" id=\"wpforms-9270\"><form id=\"wpforms-form-9270\" class=\"wpforms-validate wpforms-form\" data-formid=\"9270\" method=\"post\" enctype=\"multipart\/form-data\" action=\"\/fr\/wp-json\/wp\/v2\/pages\/247\" data-token=\"dba93ae5e6f4ddaef32f0b0c61a6aad1\" data-token-time=\"1777306719\"><noscript class=\"wpforms-error-noscript\">Veuillez activer JavaScript dans votre navigateur pour remplir ce formulaire.<\/noscript><div class=\"wpforms-field-container\"><div id=\"wpforms-9270-field_15-container\" class=\"wpforms-field wpforms-field-checkbox\" data-field-id=\"15\"><label class=\"wpforms-field-label\">Veuillez indiquer le(s) soin(s) d\u00e9sir\u00e9(s)<\/label><ul id=\"wpforms-9270-field_15\"><li class=\"choice-1 depth-1\"><input type=\"checkbox\" id=\"wpforms-9270-field_15_1\" name=\"wpforms[fields][15][]\" value=\"Le Soin de l&#039;Ut\u00e9rus ( 100.- CHF )\"  ><label class=\"wpforms-field-label-inline\" for=\"wpforms-9270-field_15_1\">Le Soin de l'Ut\u00e9rus ( 100.- CHF )<\/label><\/li><li class=\"choice-2 depth-1\"><input type=\"checkbox\" id=\"wpforms-9270-field_15_2\" name=\"wpforms[fields][15][]\" value=\"La B\u00e9n\u00e9diction de l&#039;Ut\u00e9rus  ( 100.- CHF )\"  ><label class=\"wpforms-field-label-inline\" for=\"wpforms-9270-field_15_2\">La B\u00e9n\u00e9diction de l'Ut\u00e9rus  ( 100.- CHF )<\/label><\/li><li class=\"choice-4 depth-1\"><input type=\"checkbox\" id=\"wpforms-9270-field_15_4\" name=\"wpforms[fields][15][]\" value=\"Soin + B\u00e9n\u00e9diction de l&#039;Ut\u00e9rus ( Prix sp\u00e9cial 120.- CHF )\"  ><label class=\"wpforms-field-label-inline\" for=\"wpforms-9270-field_15_4\">Soin + B\u00e9n\u00e9diction de l'Ut\u00e9rus ( Prix sp\u00e9cial 120.- CHF )<\/label><\/li><li class=\"choice-3 depth-1\"><input type=\"checkbox\" id=\"wpforms-9270-field_15_3\" name=\"wpforms[fields][15][]\" value=\"Soin de l&#039;\u00e2me f\u00e9minine ( 100.- CHF )\"  ><label class=\"wpforms-field-label-inline\" for=\"wpforms-9270-field_15_3\">Soin de l'\u00e2me f\u00e9minine ( 100.- CHF )<\/label><\/li><\/ul><\/div><div id=\"wpforms-9270-field_0-container\" class=\"wpforms-field wpforms-field-name\" data-field-id=\"0\"><label class=\"wpforms-field-label\">Votre nom <span class=\"wpforms-required-label\">*<\/span><\/label><div class=\"wpforms-field-row wpforms-field-large\"><div class=\"wpforms-field-row-block wpforms-first wpforms-one-half\"><input type=\"text\" id=\"wpforms-9270-field_0\" class=\"wpforms-field-name-first wpforms-field-required\" name=\"wpforms[fields][0][first]\" required><label for=\"wpforms-9270-field_0\" class=\"wpforms-field-sublabel after\">Pr\u00e9nom<\/label><\/div><div class=\"wpforms-field-row-block wpforms-one-half\"><input type=\"text\" id=\"wpforms-9270-field_0-last\" class=\"wpforms-field-name-last wpforms-field-required\" name=\"wpforms[fields][0][last]\" required><label for=\"wpforms-9270-field_0-last\" class=\"wpforms-field-sublabel after\">Nom<\/label><\/div><\/div><\/div><div id=\"wpforms-9270-field_1-container\" class=\"wpforms-field wpforms-field-email\" data-field-id=\"1\"><label class=\"wpforms-field-label\" for=\"wpforms-9270-field_1\">E-mail <span class=\"wpforms-required-label\">*<\/span><\/label><input type=\"email\" id=\"wpforms-9270-field_1\" class=\"wpforms-field-large wpforms-field-required\" name=\"wpforms[fields][1]\" spellcheck=\"false\" required><\/div><div id=\"wpforms-9270-field_2-container\" class=\"wpforms-field wpforms-field-textarea\" data-field-id=\"2\"><label class=\"wpforms-field-label\" for=\"wpforms-9270-field_2\">Message <span class=\"wpforms-required-label\">*<\/span><\/label><textarea id=\"wpforms-9270-field_2\" class=\"wpforms-field-medium wpforms-field-required\" name=\"wpforms[fields][2]\" required><\/textarea><\/div><\/div><!-- .wpforms-field-container --><div class=\"wpforms-field wpforms-field-hp\"><label for=\"wpforms-9270-field-hp\" class=\"wpforms-field-label\">Email<\/label><input type=\"text\" name=\"wpforms[hp]\" id=\"wpforms-9270-field-hp\" class=\"wpforms-field-medium\"><\/div><div class=\"wpforms-recaptcha-container wpforms-is-recaptcha wpforms-is-recaptcha-type-v2\" ><div class=\"g-recaptcha\" data-sitekey=\"6Lf0EhkUAAAAAFu4Pt1FgTWL-fMiKQqXhjlrIedr\"><\/div><input type=\"text\" name=\"g-recaptcha-hidden\" class=\"wpforms-recaptcha-hidden\" style=\"position:absolute!important;clip:rect(0,0,0,0)!important;height:1px!important;width:1px!important;border:0!important;overflow:hidden!important;padding:0!important;margin:0!important;\" data-rule-recaptcha=\"1\"><\/div><div class=\"wpforms-submit-container\" ><input type=\"hidden\" name=\"wpforms[id]\" value=\"9270\"><input type=\"hidden\" name=\"page_title\" value=\"\"><input type=\"hidden\" name=\"page_url\" value=\"https:\/\/www.plumlune.ch\/fr\/wp-json\/wp\/v2\/pages\/247\"><input type=\"hidden\" name=\"url_referer\" value=\"\"><button type=\"submit\" name=\"wpforms[submit]\" id=\"wpforms-submit-9270\" class=\"wpforms-submit\" data-alt-text=\"C&#039;est parti...\" data-submit-text=\"Envoyer\" aria-live=\"assertive\" value=\"wpforms-submit\">Envoyer<\/button><\/div><\/form><\/div>  <!-- .wpforms-container -->[\/vc_column][vc_column width=\u00a0\u00bb1\/3&Prime; el_class=\u00a0\u00bbrs_col-sm-5&Prime;]<h3>Comment r\u00e9server 1 soin<\/h3>[vc_row_inner el_class=\u00a0\u00bbspalab_contactinfo\u00a0\u00bb][vc_column_inner]<div class='dt-sc-contact-info  '><span class='fa fa-phone'> <\/span><strong>T\u00e9l\u00e9phone :<\/strong> <a class=\"item-has-icon icon-position-left\" href=\"tel:0041798161995\" data-ps2id-api=\"true\">+41-79-816.19.95<\/a><\/div><div class='dt-sc-contact-info  '><span class='fa fa-envelope'> <\/span><strong>Email<\/strong> :\u00a0<a href=\"mailto:maelle@plumlune.ch\">maelle@plumlune.ch<\/a><\/div><div class='dt-sc-contact-info  '><span class='fa fa-pencil'> <\/span><strong>Formulaire<\/strong> :\u00a0<a href=\"https:\/\/www.plumlune.ch\/fr\/appointments\/\">En ligne<\/a> (ci-contre)<\/div>[\/vc_column_inner][\/vc_row_inner]<div id=\"1540550123778-513e6aed-f484\" class=\"dt-sc-empty-space\"><\/div><h3>Soin de l'ut\u00e9rus &amp; B\u00e9n\u00e9diction<\/h3>[vc_single_image image=\u00a0\u00bb9122&Prime; img_size=\u00a0\u00bbfull\u00a0\u00bb][vc_single_image image=\u00a0\u00bb10394&Prime; img_size=\u00a0\u00bbfull\u00a0\u00bb onclick=\u00a0\u00bbimg_link_large\u00a0\u00bb img_link_target=\u00a0\u00bb_blank\u00a0\u00bb][\/vc_column][\/vc_row]<\/p>\n","protected":false},"excerpt":{"rendered":"<p>[vc_row][vc_column]Fixer un rendez-vous3 m\u00e9thodes pour r\u00e9server un soin.[\/vc_column][\/vc_row][vc_row][vc_column width=\u00a0\u00bb2\/3&Prime; el_class=\u00a0\u00bbrs_col-sm-7&Prime;]Formulaire prise de rendez-vousVeuillez activer JavaScript dans votre navigateur pour remplir ce formulaire.Veuillez indiquer le(s) soin(s) d\u00e9sir\u00e9(s)Le Soin de l&rsquo;Ut\u00e9rus ( 100.- CHF )La B\u00e9n\u00e9diction de l&rsquo;Ut\u00e9rus ( 100.- CHF )Soin + B\u00e9n\u00e9diction de l&rsquo;Ut\u00e9rus ( Prix sp\u00e9cial 120.- CHF )Soin de l&rsquo;\u00e2me f\u00e9minine ( 100.- [&hellip;]<\/p>\n","protected":false},"author":1,"featured_media":0,"parent":0,"menu_order":0,"comment_status":"open","ping_status":"closed","template":"","meta":{"footnotes":""},"class_list":["post-247","page","type-page","status-publish","hentry"],"_links":{"self":[{"href":"https:\/\/www.plumlune.ch\/fr\/wp-json\/wp\/v2\/pages\/247","targetHints":{"allow":["GET"]}}],"collection":[{"href":"https:\/\/www.plumlune.ch\/fr\/wp-json\/wp\/v2\/pages"}],"about":[{"href":"https:\/\/www.plumlune.ch\/fr\/wp-json\/wp\/v2\/types\/page"}],"author":[{"embeddable":true,"href":"https:\/\/www.plumlune.ch\/fr\/wp-json\/wp\/v2\/users\/1"}],"replies":[{"embeddable":true,"href":"https:\/\/www.plumlune.ch\/fr\/wp-json\/wp\/v2\/comments?post=247"}],"version-history":[{"count":25,"href":"https:\/\/www.plumlune.ch\/fr\/wp-json\/wp\/v2\/pages\/247\/revisions"}],"predecessor-version":[{"id":10400,"href":"https:\/\/www.plumlune.ch\/fr\/wp-json\/wp\/v2\/pages\/247\/revisions\/10400"}],"wp:attachment":[{"href":"https:\/\/www.plumlune.ch\/fr\/wp-json\/wp\/v2\/media?parent=247"}],"curies":[{"name":"wp","href":"https:\/\/api.w.org\/{rel}","templated":true}]}}