{"id":2388,"date":"2019-01-01T07:38:41","date_gmt":"2019-01-01T06:38:41","guid":{"rendered":"http:\/\/wedesignthemes.com\/themes\/spalab\/?page_id=2388"},"modified":"2022-10-07T17:33:07","modified_gmt":"2022-10-07T15:33:07","slug":"benediction","status":"publish","type":"page","link":"https:\/\/www.plumlune.ch\/fr\/benediction\/","title":{"rendered":"La B\u00e9n\u00e9diction"},"content":{"rendered":"<p>[vc_row][vc_column]<div class='dt-sc-title with-two-border with-sub-title '><h2>Womb Blessing<\/h2><h3>Eveil des Energies F\u00e9minines<\/h3><\/div>[vc_column_text css_animation=\u00a0\u00bbfadeInUp\u00a0\u00bb css=\u00a0\u00bb.vc_custom_1567777588414{margin-bottom: 10px !important;}\u00a0\u00bb]<center>La B\u00e9n\u00e9diction de l\u2019Ut\u00e9rus (ou Womb Blessing) est un syst\u00e8me d\u2019\u00e9veil des \u00e9nergies f\u00e9minines et de gu\u00e9rison,<br \/>\nainsi qu\u2019une prise de conscience de notre nature f\u00e9minine authentique. Elle connecte les Femmes \u00e0 la vibration du F\u00e9minin Sacr\u00e9.<\/p>\n<p style=\"height: 15px;\">\n<p>Le mot \u00ab Ut\u00e9rus \u00bb ne se r\u00e9f\u00e8re pas uniquement \u00e0 l\u2019organe physique de la Femme mais aussi au centre \u00e9nerg\u00e9tique qui se trouve<br \/>\ndans la zone de l\u2019ut\u00e9rus. Il est pr\u00e9sent chez chaque femme, m\u00eame si celles-ci n\u2019ont pas d\u2019ut\u00e9rus physique ou de cycle menstruel.<\/p>\n<p style=\"height: 15px;\">\n<p>Recevoir une B\u00e9n\u00e9diction personnelle de l\u2019Ut\u00e9rus, c\u2019est l\u2019opportunit\u00e9 de gu\u00e9rir de ses blessures f\u00e9minines.<br \/>\nC\u2019est reconna\u00eetre qui nous sommes vraiment en sublimant notre nature Divine authentique et ainsi faire cro\u00eetre en nous l\u2019Amour, la Paix et l\u2019Harmonie.<\/center><\/p>\n<p style=\"height:40px;\">\n<p>[\/vc_column_text][\/vc_column][\/vc_row]<br \/>\n[vc_row][vc_column]<br \/>\n<center><img decoding=\"async\" src=\"https:\/\/www.plumlune.ch\/fr\/wp-content\/uploads\/2019\/08\/B\u00e9n\u00e9diction-de-lUt\u00e9rus.jpg\" class=\"shadowbox bounceIn\" style=\"width:800px;height:autox;\"><\/center><br \/>\n<div id=\"\" class=\"dt-sc-empty-space\"><\/div><br \/>\n[\/vc_column][\/vc_row]<br \/>\n[vc_row]<br \/>\n[vc_row_inner][vc_column_inner el_align=\u00a0\u00bbcenter\u00a0\u00bb width=\u00a0\u00bb2\/5&Prime;]<h3 class=\"floral-head alignright\">La B\u00e9n\u00e9diction permet :<\/h3><div id=\"1539674758725-8df114a0-4f5b\" class=\"dt-sc-empty-space\"><\/div>[vc_column_text el_class=\u00a0\u00bbalignright\u00a0\u00bb][\/vc_column_text][\/vc_column_inner]<br \/>\n[vc_column_inner width=\u00a0\u00bb3\/5&Prime;]<div class=\"uavc-list-icon uavc-list-icon-wrapper ult-adjust-bottom-margin   \"><ul class=\"uavc-list\"><li><div class=\"uavc-list-content\" id=\"list-icon-wrap-8498\">\n<div class=\"uavc-list-icon dt-sc-skin-color \" data-animation=\"\" data-animation-delay=\"03\" style=\"margin-right:20px;\"><div class=\"ult-just-icon-wrapper  \"><div class=\"align-icon\" style=\"text-align:center;\">\n<div class=\"aio-icon none \"  style=\"font-size:14px;display:inline-block;\">\n\t<i class=\"fa fa-envira\"><\/i>\n<\/div><\/div><\/div>\n<\/div><span  data-ultimate-target='#list-icon-wrap-8498 .uavc-list-desc'  data-responsive-json-new='{\"font-size\":\"\",\"line-height\":\"\"}'  class=\"uavc-list-desc ult-responsive\" style=\"\">Une transformation personnelle, une gu\u00e9rison et un retour \u00e0 une f\u00e9minit\u00e9 authentique et libre.<\/span><\/div><\/li><li><div class=\"uavc-list-content\" id=\"list-icon-wrap-7668\">\n<div class=\"uavc-list-icon dt-sc-skin-color \" data-animation=\"\" data-animation-delay=\"03\" style=\"margin-right:20px;\"><div class=\"ult-just-icon-wrapper  \"><div class=\"align-icon\" style=\"text-align:center;\">\n<div class=\"aio-icon none \"  style=\"font-size:14px;display:inline-block;\">\n\t<i class=\"fa fa-envira\"><\/i>\n<\/div><\/div><\/div>\n<\/div><span  data-ultimate-target='#list-icon-wrap-7668 .uavc-list-desc'  data-responsive-json-new='{\"font-size\":\"\",\"line-height\":\"\"}'  class=\"uavc-list-desc ult-responsive\" style=\"\">De lib\u00e9rer les vieux sch\u00e9mas et blocages.<\/span><\/div><\/li><li><div class=\"uavc-list-content\" id=\"list-icon-wrap-5582\">\n<div class=\"uavc-list-icon dt-sc-skin-color \" data-animation=\"\" data-animation-delay=\"03\" style=\"margin-right:20px;\"><div class=\"ult-just-icon-wrapper  \"><div class=\"align-icon\" style=\"text-align:center;\">\n<div class=\"aio-icon none \"  style=\"font-size:14px;display:inline-block;\">\n\t<i class=\"fa fa-envira\"><\/i>\n<\/div><\/div><\/div>\n<\/div><span  data-ultimate-target='#list-icon-wrap-5582 .uavc-list-desc'  data-responsive-json-new='{\"font-size\":\"\",\"line-height\":\"\"}'  class=\"uavc-list-desc ult-responsive\" style=\"\">De nourrir votre centre \u00e9nerg\u00e9tique de l\u2019Ut\u00e9rus, restaurer les \u00e9nergies \u00e9puis\u00e9es et amener une sensation de compl\u00e9tude.<\/span><\/div><\/li><\/ul><\/div><br \/>\n[\/vc_column_inner][\/vc_row_inner][\/vc_row]<br \/>\n[vc_row][vc_column]<br \/>\n[vc_column_text css_animation=\u00a0\u00bbfadeInUp\u00a0\u00bb]<br \/>\nChaque femme, ou jeune fille qui a d\u00e9j\u00e0 un cycle peut recevoir cette harmonisation. C\u2019est une opportunit\u00e9 merveilleuse pour une m\u00e8re et sa fille de partager cette connexion au f\u00e9minin sacr\u00e9. Les femmes enceintes, qui n\u2019ont plus de cycle, ou qui n\u2019ont pas de cycle pour des raisons m\u00e9dicales ou chimiques peuvent aussi recevoir la B\u00e9n\u00e9diction. Cette \u00e9nergie est un cadeau donn\u00e9e en accord avec ta volont\u00e9 et travaillera donc en rapport avec tes propres besoins et ton propre chemin.<br \/>\n[\/vc_column_text][\/vc_column][\/vc_row]<\/p>\n<p>[vc_row][vc_column][vc_column_text]<br \/>\n<center><span class=\"papyrus\"><strong>\u00ab La b\u00e9n\u00e9diction de l\u2019ut\u00e9rus \u00bb<\/strong> termes antinomiques et choquants ? <\/span> <br \/><i>Article de <strong>Marianne Grasseli Meier<\/strong> . Juillet 2014. \u00ab\u00a0Femmes, magie et politique\u00a0\u00bb, Starhawk Edition du Seuil.<\/i><\/center><br \/>\n[\/vc_column_text]<br \/>\n[vc_column_text css_animation=\u00a0\u00bbfadeInUp\u00a0\u00bb]<br \/>\n[vc_column_inner width=\u00a0\u00bb2\/6&Prime;]<br \/>\n<center><img decoding=\"async\" src=\"https:\/\/www.plumlune.ch\/fr\/wp-content\/uploads\/2019\/08\/womb-blessing.jpg\" class=\"shadowbox bounceIn\" style=\"width:356px;height:auto;\"><\/center><br \/>\n[\/vc_column_inner]<br \/>\n[vc_column_inner width=\u00a0\u00bb4\/6&Prime;]<\/p>\n<div class=\"decaleft\" style=\"margin-top:0px;\">\n<strong>Questionnement sur le pouvoir des mots et le chemin d\u2019une spiritualit\u00e9 f\u00e9minine <\/strong><br \/>\nEn tant que r\u00e9f\u00e9rente suisse je vois parfois de la part des femmes int\u00e9ress\u00e9es, un mouvement de recul face au nom \u00ab b\u00e9n\u00e9diction de l\u2019ut\u00e9rus \u00bb.<\/p>\n<p style=\"height: 15px;\">\n<p>Ce mouvement de recul physique a lieu aussi dans les pens\u00e9es : curiosit\u00e9 au mieux et rejet au pire ! Cela n\u2019est pas sans raison. Dans la traduction fran\u00e7aise de ces 2 mots mis c\u00f4te \u00e0 c\u00f4te (au sens plein du terme), se jouent une vision du monde ancr\u00e9e dans nos croyances culturelles, voir universelles :<br \/>\nle pouvoir du Ciel est sacr\u00e9, la pr\u00e9sence du corps elle, est impure ! <\/p>\n<p style=\"height: 15px;\">\n<p>Et si\u2026 le simple fait d\u2019accorder les deux et de permettre aux femmes de se questionner et d\u2019oser cette relation, \u00e9tait d\u00e9j\u00e0 totalement TRANSFORMATEUR !?<\/p>\n<p>Faisons un d\u00e9tour dans l\u2019histoire afin de comprendre d\u2019o\u00f9 cela provient, quelles en ont \u00e9t\u00e9 les cons\u00e9quences et quel changement viser en int\u00e9grant pleinement cette terminologie\u2026 <\/p><\/div>\n<p>[\/vc_column_inner][\/vc_column_text]<br \/>\n[\/vc_column][\/vc_row]<\/p>\n<p>[vc_row][vc_column]<br \/>\n<div class='dt-sc-hr-invisible-small '> <\/div><div class='dt-sc-hr-invisible-xsmall '> <\/div><div class='dt-sc-tabs-vertical-frame-container type4' data-effect='fade'><ul class='dt-sc-tabs-vertical-frame'><li><a href=\"javascript:void(0);\">Etat des lieux<\/a><\/li><li><a href=\"javascript:void(0);\">Anthropologie<\/a><\/li><li><a href=\"javascript:void(0);\">Plan philosophique<\/a><\/li><li><a href=\"javascript:void(0);\">Cheminement spirituel<\/a><\/li><li><a href=\"javascript:void(0);\">Changer de vocabulaire<\/a><\/li><li><a href=\"javascript:void(0);\">Transcendance<\/a><\/li><\/ul><div class='dt-sc-tabs-vertical-frame-content'>[vc_column_text css_animation=\u00a0\u00bbbounceInUp\u00a0\u00bb css=\u00a0\u00bb.vc_custom_1451044924852{margin-bottom: 10px !important;}\u00a0\u00bb]<\/p>\n<h3><strong>Etat des lieux<\/strong><\/h3>\n<p>Le mouvement f\u00e9ministe a vis\u00e9 des priorit\u00e9s d\u2019ordre sociale telles l\u2019\u00e9galit\u00e9 salariale, de genre dans<br \/>\nle monde professionnel (professions ouvertes tant aux hommes qu\u2019aux femmes) et les t\u00e2ches quotidiennes relevant du domaine priv\u00e9 (t\u00e2ches m\u00e9nag\u00e8res, \u00e9ducation de l\u2019enfant en commun).<\/p>\n<p>Il a permis aux femmes occidentales d\u2019acc\u00e9der \u00e0 une sph\u00e8re de libert\u00e9 ; celle d\u2019avoir le pouvoir de d\u00e9cision sur leur propre corps, par exemple de choisir d\u2019enfanter ou pas. Sur le plan de la pratique spirituelle, des femmes ont acc\u00e9d\u00e9 \u00e0 la pr\u00eatrise dans certaines communaut\u00e9s religieuses, dans d\u2019autres pas ou partiellement (diaconat et non pr\u00eatrise).<\/p>\n<p>Parall\u00e8lement, des chercheuses universitaires ont centr\u00e9 leurs travaux sur les cultes anciens, retrouvant maints lieux de cultes d\u00e9di\u00e9s \u00e0 la Grande D\u00e9esse, la M\u00e8re des origines : un matriarcat existait avant que les hommes mettent en place un Dieu m\u00e2le unificateur, unique, voir despotique dont ils \u00e9taient descendants et qui excluaient les femmes de cette lign\u00e9e spirituelle.<br \/>\nLa femme a ainsi chang\u00e9 de statut : de repr\u00e9sente de la D\u00e9esse de l\u2019abondance, de la Vie, de la Fertilit\u00e9, elle est devenue celle par qui le mal arrive, portant la culpabilit\u00e9 d\u2019une punition divine. <\/p>\n<p>La Femme et par association la Terre, s\u2019est peu \u00e0 peu apparent\u00e9e \u00e0 ce qui est sale, m\u00e9prisable, punissable ; il faut occulter, oublier ce qui vient d\u2019elle.<br \/>\nUne scission a vu le jour, toujours plus profonde, amenant des trag\u00e9dies humaines : en bas, sur Terre et par prolongement chez la Femme, un monde physique rempli de vices \/ en haut, au Ciel et par prolongement chez l\u2019Homme, un monde rationnel hautement honorable, reli\u00e9 \u00e0 la pratique d\u2019une spiritualit\u00e9 masculine \u00e9lev\u00e9e : la scission corps\/esprit.<br \/>\nLa Femme comme d\u00e9sesp\u00e9r\u00e9ment reli\u00e9e \u00e0 son corps, l\u2019Homme en recherche permanente de l\u2019Esprit.[\/vc_column_text]<\/div><div class='dt-sc-tabs-vertical-frame-content'>[vc_column_text css_animation=\u00a0\u00bbbounceInUp\u00a0\u00bb css=\u00a0\u00bb.vc_custom_1451045402013{margin-bottom: 10px !important;}\u00a0\u00bb]<\/p>\n<h3><strong>Anthropologie<\/strong><\/h3>\n<p>Les \u00e9tudes anthropologiques de leur c\u00f4t\u00e9 ont d\u00e9crit les rites des soci\u00e9t\u00e9s dites traditionnelles :<br \/>\nMircea Eliade, Michael Harner parmi d\u2019autres, ont d\u00e9taill\u00e9 le lien de ces soci\u00e9t\u00e9s avec le Divin.<br \/>\nDans ces communaut\u00e9s, le partage des t\u00e2ches est clairement d\u00e9fini par genre ;<br \/>\nfemmes et hommes ont des activit\u00e9s diff\u00e9renci\u00e9es.<br \/>\nLes femmes ayant leurs menstrues ne participent pas \u00e0 certaines c\u00e9r\u00e9monies. Elles n\u2019auraient pas besoin d\u2019un rite d\u2019\u00e9l\u00e9vation vers le Grand Esprit, car celui-ci leur serait directement donn\u00e9 par la r\u00e9ceptivit\u00e9 accrue li\u00e9e aux menstrues. <\/p>\n<p>Le Divin serait alors en chaque femme. De fait, nous vivons lors de nos lunes p\u00e9riodiques un \u00e9tat de r\u00e9ceptivit\u00e9 exceptionnel, nous nous sentons en nous comme dans un lieu clos mais ouvert ;<br \/>\nun lieu d\u2019accueil et d\u2019ouverture pour une \u00ab r\u00e9v\u00e9lation \u00bb qui enfantera le nouveau.<br \/>\nDans certaines de ces traditions il existe bel et bien une vision de la femme o\u00f9 celle-ci n\u2019est ni sale ni impure, mais un r\u00e9ceptacle pour que le Divin se manifeste.[\/vc_column_text]<\/div><div class='dt-sc-tabs-vertical-frame-content'>[vc_column_text css_animation=\u00a0\u00bbbounceInUp\u00a0\u00bb css=\u00a0\u00bb.vc_custom_1451045430126{margin-bottom: 10px !important;}\u00a0\u00bb]<\/p>\n<h3><strong>Sur le plan philosophique<\/strong><\/h3>\n<p>Simone de Beauvoir questionne dans ses \u00e9crits du milieu du XX\u00e8me si\u00e8cle, le r\u00f4le des deux sexes.<br \/>\nA la faveur de ses recherches, deux termes vont tenter de d\u00e9finir le LIEN particulier de l\u2019homme et de la femme \u00e0 la spiritualit\u00e9 :<br \/>\nl\u2019Immanence et la Transcendance. Est immanent ce qui est int\u00e9rieur \u00e0 l\u2019Etre et qui ne renvoie \u00e0 aucun principe ext\u00e9rieur.<\/p>\n<p>Le latin \u00ab immanens \u00bb signifie \u00ab je reste dans \u00bb. C\u2019est li\u00e9 \u00e0 l\u2019exp\u00e9rience, cela fait partie de soi.<br \/>\nEst transcendant, ce qui provient d\u2019une cause ext\u00e9rieure g\u00e9n\u00e9ralement au-dessus du domaine commun, de nature sup\u00e9rieure. Le mot contient \u2013 trans, aller vers. Transcendant veut aussi simplement dire ext\u00e9rieur. <\/p>\n<p>Pour Simone de Beauvoir, en enfantant et en allaitant, la femme est consid\u00e9r\u00e9e comme riv\u00e9e \u00e0 l\u2019animalit\u00e9, en lien avec l\u2019immanence, tandis que l\u2019homme, d\u00e9barrass\u00e9 de ces obligations, chasse, cr\u00e9e, se d\u00e9tacherait de son animalit\u00e9 pour entrer dans la transcendance.[\/vc_column_text]<\/div><div class='dt-sc-tabs-vertical-frame-content'>[vc_column_text css_animation=\u00a0\u00bbbounceInUp\u00a0\u00bb css=\u00a0\u00bb.vc_custom_1451045458915{margin-bottom: 10px !important;}\u00a0\u00bb]<\/p>\n<h3><strong>Le cheminement spirituel f\u00e9minin<\/strong><\/h3>\n<p>Ne chercherait pas tant \u00e0 fuir, \u00e0 \u00e9chapper \u00e0 la Nature du Monde, pour s\u2019\u00e9lever dans le monde de l\u2019esprit, hors de l\u2019incarnation, mais sa voie spirituelle serait-elle plut\u00f4t un chemin plongeant profond\u00e9ment ses racines et ses convictions dans la Nature \u00ab terrestre \u00bb ? <\/p>\n<p>Les hommes identifi\u00e9s \u00e0 l\u2019Esprit, au lumineux, \u00e0 la culture sont alors oppos\u00e9s aux femmes, non vertueuses et sombres. Dans son livre \u00ab Femmes, magie et politique \u00bb, l\u2019auteure philosophe f\u00e9ministe Starhawk d\u00e9crit en d\u00e9tail l\u2019\u00e9volution historique de ce qu\u2019elle nomme \u00ab le pouvoir-sur \u00bb :<\/p>\n<p>l\u2019expropriation des terres, la chasse aux sorci\u00e8res, la mise \u00e0 distance du monde par la noblesse, le clerg\u00e9 puis par la science, qui ont valoris\u00e9 l\u2019exploitation de l\u2019humain, de la nature en se pensant au-dessus des autres.<br \/>\nUn seul exemple : les m\u00e9decins prenant la place des sages-femmes tout en distillant la peur, le danger qu\u2019il y aurait \u00e0 leur faire confiance.<\/p>\n<p>Il y aurait une autorit\u00e9 ext\u00e9rieure, celle qui a le pouvoir, la connaissance ; une expropriation du savoir par une \u00e9lite majoritairement masculine. Et ceux qui en sont d\u00e9pourvus, les pauvres, les femmes, perdant peu \u00e0 peu confiance dans leurs comp\u00e9tences, niant l\u2019autorit\u00e9 de leurs exp\u00e9riences : ce qu\u2019elle nomme \u00ab le pouvoir du dedans \u00bb.<br \/>\nJe rel\u00e8verai encore que la psychanalyse avec son mythe du phallus tout puissant, a renforc\u00e9 ces croyances. L\u2019homme est ainsi toujours sup\u00e9rieur et la femme subordonn\u00e9e.[\/vc_column_text]<\/div><div class='dt-sc-tabs-vertical-frame-content'>[vc_column_text css_animation=\u00a0\u00bbbounceInUp\u00a0\u00bb css=\u00a0\u00bb.vc_custom_1451045458915{margin-bottom: 10px !important;}\u00a0\u00bb]<\/p>\n<h3><strong>Changer de vocabulaire, valoriser, int\u00e9grer<\/strong><\/h3>\n<p>Commencer \u00e0 se questionner entre ces deux formes de pouvoir, permet de changer son vocabulaire. L\u2019auteure pr\u00e9cit\u00e9e propose d\u2019utiliser le mot \u00ab approfondissement \u00bb au lieu \u00ab d\u2019illumination \u00bb. L\u2019Immanence serait alors de donner de la valeur \u00e0 tout ce qui humain, vivant et qui prend corps. <\/p>\n<p>Ne plus se laisser \u00e9blouir par ce qui vient du dehors et qui pourrait nous laisser impuissantes, mais accompagner la d\u00e9marche initiatique d\u2019une pr\u00e9sence incarn\u00e9e.[\/vc_column_text]<\/div><div class='dt-sc-tabs-vertical-frame-content'>[vc_column_text css_animation=\u00a0\u00bbbounceInUp\u00a0\u00bb css=\u00a0\u00bb.vc_custom_1451045458915{margin-bottom: 10px !important;}\u00a0\u00bb]<\/p>\n<h3><strong>La transcendance<\/strong><\/h3>\n<p>lien spirituel auquel nous sommes accoutum\u00e9es, am\u00e8ne un jugement de valeur si nous n\u2019y prenons garde. Faudrait-il toujours s\u2019\u00e9lever au-dessus de la mati\u00e8re ? Pourrait-on faire entrer l\u2019esprit dans la mati\u00e8re ? <\/p>\n<p>Spiritualiser la mati\u00e8re ? Dans ce cas, il n\u2019y aurait aucune domination, aucune dichotomie corps\/esprit pouvant se r\u00e9percuter dans les relations hommes\/femme visant l\u2019int\u00e9gration. Si nous \u0153uvrons \u00e0 d\u00e9grossir et \u00e0 subtiliser nos \u00e9nergies, cela ne nierait pas le corps mais le sacraliserait.<br \/>\nEssayons le \u00ab pouvoir-du-dedans \u00bb, l\u2019Immanence, tout ce qui nous relie \u00e0 notre corps, notre cycle, en lui offrant soin, amour, beaut\u00e9 pour que le monde en soit modifi\u00e9 !<br \/>\nPour que cette force f\u00e9minine universelle trouve sa place \u00e0 c\u00f4t\u00e9s des forces masculines d\u00e9j\u00e0 \u00e0 l\u2019\u0153uvre.<\/p>\n<p>En \u00e9changeant avec les femmes lors du soin ou de la b\u00e9n\u00e9diction, nous pouvons d\u00e9j\u00e0 modifier leur regard sur leur corps rien qu\u2019en les questionnant sur cette proposition \u00ab B\u00e9n\u00e9diction de l\u2019ut\u00e9rus \u00bb qui les a interpell\u00e9es. Bien s\u00fbr, certaines femmes ont eu des abus et des relations non respectueuses avec leurs corps.<br \/>\nMais notre soin, d\u2019apr\u00e8s moi, n\u2019est pas l\u00e0 que pour nettoyer ce qui est \u00ab sale, souill\u00e9 \u00bb ; le corps d\u2019une femme est \u00ab pur d\u2019origine \u00bb, beau et rempli de gr\u00e2ce. Nous ne faisons que la soutenir \u00e0 le reconna\u00eetre.  <\/p>\n<p>En int\u00e9grant profond\u00e9ment en nous la dualit\u00e9 du sacr\u00e9 dans notre physique \u00ab organique \u00bb, nous sacralisons d\u00e9j\u00e0 la Terre qui est n\u00f4tre, qui est nous.<br \/>\nQu\u2019il en soit ainsi.<br \/>\n[\/vc_column_text]<\/div><\/div>[\/vc_column][\/vc_row]<\/p>\n<p>[vc_row][vc_column][vc_column_text css_animation=\u00a0\u00bbfadeInUp\u00a0\u00bb]<\/p>\n<div class=\"inbox\">\n<h2 class='hr-title'><span>&nbsp;&nbsp;&nbsp;SOIN \/ S\u00c9ANCE<\/span><\/h2><br \/>\n[vc_column_inner width=\u00a0\u00bb1\/4&Prime;]<br \/>\n<div class='dt-sc-icon-box type3 style bounce-in'><div class=\"icon-wrapper\"><span><img loading=\"lazy\" decoding=\"async\" width=\"180\" height=\"180\" src=\"https:\/\/www.plumlune.ch\/fr\/wp-content\/uploads\/2019\/08\/ico-home2.png\" class=\"attachment-full\" alt=\"\" srcset=\"https:\/\/www.plumlune.ch\/fr\/wp-content\/uploads\/2019\/08\/ico-home2.png 180w, https:\/\/www.plumlune.ch\/fr\/wp-content\/uploads\/2019\/08\/ico-home2-150x150.png 150w\" sizes=\"auto, (max-width: 180px) 100vw, 180px\" \/><\/span><\/div><div class=\"icon-content\"><p><strong>La b\u00e9n\u00e9diction<\/strong><\/p><\/div><\/div><br \/>\n[\/vc_column_inner]<br \/>\n[vc_column_inner width=\u00a0\u00bb3\/4&Prime;]<br \/>\n<strong>Tarif :<\/strong>\u00a0100 CHF<br \/>\n<strong>Dur\u00e9e :<\/strong>\u00a0environ 60 minutes<br \/>\n<strong>Pour qui\u00a0?<\/strong>\u00a0: pour les femmes (avec ou sans ut\u00e9rus, avec ou sans cycle)<br \/>\n<span style=\"margin-left: 96px;\">et les adolescentes (ayant d\u00e9j\u00e0 eu leurs premi\u00e8res r\u00e8gles)<\/span><br \/>\n<strong>D\u00e9roulement :<\/strong> la Femme recevant le B\u00e9n\u00e9diction est v\u00eatue et en position assise.<\/p>\n<p style=\"height:15px;\">\n<p>La s\u00e9ance d\u00e9bute par un temps d\u2019\u00e9change. Elle se poursuit par une m\u00e9ditation, puis vient la B\u00e9n\u00e9diction de l\u2019Ut\u00e9rus. Je vous propose ensuite un tirage de cartes sur le th\u00e8me du F\u00e9minin Sacr\u00e9.<br \/>\nPour finir nous partagerons une tisane et une collation.<\/p>\n<p style=\"height:8px;\">\n<\/p>\n<p>[\/vc_column_inner]<br \/>\n<div id=\"1542179026035-4309ede2-372d\" class=\"dt-sc-empty-space\"><\/div><\/div>\n<p>[\/vc_column_text]<h2 class='hr-title'><span>Comment fixer un rendez-vous<\/span><\/h2><div id=\"\" class=\"dt-sc-empty-space\"><\/div>[\/vc_column][vc_column css_animation=\u00a0\u00bbbounceIn\u00a0\u00bb width=\u00a0\u00bb1\/3&Prime;][vc_column_text]<a class='dt-sc-colored-big-buttons with-left-icon blue ' target=' _blank' title='' href='tel:00798161995'> <span class='pe-icon pe-phone'> <\/span> Contact <br> <strong>T\u00e9l\u00e9phone<\/strong> <\/a>[\/vc_column_text][\/vc_column][vc_column css_animation=\u00a0\u00bbbounceIn\u00a0\u00bb width=\u00a0\u00bb1\/3&Prime;][vc_column_text]<a class='dt-sc-colored-big-buttons with-left-icon orange ' target=' _blank' title='' href='mailto:maelle@plumlune.ch'> <span class='pe-icon pe-mail'> <\/span> Contact <br> <strong>e-mail<\/strong> <\/a>[\/vc_column_text][\/vc_column][vc_column css_animation=\u00a0\u00bbbounceIn\u00a0\u00bb width=\u00a0\u00bb1\/3&Prime;][vc_column_text]<a class='dt-sc-colored-big-buttons with-left-icon green ' target=' _blank' title='' href='https:\/\/www.plumlune.ch\/fr\/appointments\/'> <span class='pe-icon pe-note2'> <\/span> Contact <br> <strong>formulaire<\/strong> <\/a>[\/vc_column_text][\/vc_column][\/vc_row]<\/p>\n","protected":false},"excerpt":{"rendered":"<p>[vc_row][vc_column]Womb BlessingEveil des Energies F\u00e9minines[vc_column_text css_animation=\u00a0\u00bbfadeInUp\u00a0\u00bb css=\u00a0\u00bb.vc_custom_1567777588414{margin-bottom: 10px !important;}\u00a0\u00bb]La B\u00e9n\u00e9diction de l\u2019Ut\u00e9rus (ou Womb Blessing) est un syst\u00e8me d\u2019\u00e9veil des \u00e9nergies f\u00e9minines et de gu\u00e9rison, ainsi qu\u2019une prise de conscience de notre nature f\u00e9minine authentique. Elle connecte les Femmes \u00e0 la vibration du F\u00e9minin Sacr\u00e9. Le mot \u00ab Ut\u00e9rus \u00bb ne se r\u00e9f\u00e8re pas uniquement [&hellip;]<\/p>\n","protected":false},"author":1,"featured_media":0,"parent":0,"menu_order":0,"comment_status":"open","ping_status":"closed","template":"","meta":{"footnotes":""},"class_list":["post-2388","page","type-page","status-publish","hentry"],"_links":{"self":[{"href":"https:\/\/www.plumlune.ch\/fr\/wp-json\/wp\/v2\/pages\/2388","targetHints":{"allow":["GET"]}}],"collection":[{"href":"https:\/\/www.plumlune.ch\/fr\/wp-json\/wp\/v2\/pages"}],"about":[{"href":"https:\/\/www.plumlune.ch\/fr\/wp-json\/wp\/v2\/types\/page"}],"author":[{"embeddable":true,"href":"https:\/\/www.plumlune.ch\/fr\/wp-json\/wp\/v2\/users\/1"}],"replies":[{"embeddable":true,"href":"https:\/\/www.plumlune.ch\/fr\/wp-json\/wp\/v2\/comments?post=2388"}],"version-history":[{"count":47,"href":"https:\/\/www.plumlune.ch\/fr\/wp-json\/wp\/v2\/pages\/2388\/revisions"}],"predecessor-version":[{"id":10122,"href":"https:\/\/www.plumlune.ch\/fr\/wp-json\/wp\/v2\/pages\/2388\/revisions\/10122"}],"wp:attachment":[{"href":"https:\/\/www.plumlune.ch\/fr\/wp-json\/wp\/v2\/media?parent=2388"}],"curies":[{"name":"wp","href":"https:\/\/api.w.org\/{rel}","templated":true}]}}