{"id":2174,"date":"2019-01-01T05:42:19","date_gmt":"2019-01-01T04:42:19","guid":{"rendered":"http:\/\/wedesignthemes.com\/themes\/spalab\/?page_id=2174"},"modified":"2023-09-04T19:59:43","modified_gmt":"2023-09-04T17:59:43","slug":"rituels","status":"publish","type":"page","link":"https:\/\/www.plumlune.ch\/fr\/rituels\/","title":{"rendered":"Rituels"},"content":{"rendered":"<p>[vc_row][vc_column][\/vc_column]<div class='dt-sc-title with-two-border with-sub-title '><h2>Ecorituels<\/h2><h3>Je suis praticienne dipl\u00f4m\u00e9e en Ecorituels\u00ae. <\/h3><\/div>[vc_column_text css_animation=\u00a0\u00bbfadeInUp\u00a0\u00bb css=\u00a0\u00bb.vc_custom_1638653171003{margin-bottom: 30px !important;}\u00a0\u00bb]<\/p>\n<p><span style=\"color: #000; padding: 0 20px;\">Laissez-moi vous en dire plus\u2026!<\/span><\/p>\n<p style=\"padding: 0 20px 20px 20px;\">Notre soci\u00e9t\u00e9 actuelle est au carrefour de plusieurs mouvances spirituelles : une partie de la soci\u00e9t\u00e9 a besoin de rituels et suit ceux propos\u00e9s dans leurs communaut\u00e9s religieuses, d\u2019autres les ont totalement refus\u00e9s.<br \/>\nD\u2019autres encore cherchent dans l\u2019accompagnement th\u00e9rapeutique, \u00e0 donner sens et \u00e0 traverser, avec un \u00ab t\u00e9moin-accompagnateur \u00bb, leurs passages de vie.<br \/>\nLes rituels restent indispensables sur le chemin identitaire de chacun et pour son adh\u00e9sion \u00e0 sa communaut\u00e9, proche ou plus vaste (humanit\u00e9).<\/p>\n<p><span style=\"color: #000; padding: 0 20px;\">L\u2019\u00e9corituel\u00ae\u2026 De quoi s\u2019agit-il ?<\/span><\/p>\n<p style=\"padding: 0 20px;\">Il s\u2019agit d\u2019un accompagnement individuel (ou de groupe) qui invite les personnes \u00e0 \u00ab marquer \u00bb des moments de vie importants pour pouvoir continuer \u00e0 \u00e9voluer. Ce peut \u00eatre des rites de passage (premi\u00e8res lunes, m\u00e9nopause, retraite, divorce, union, deuil&#8230;), des rites de c\u00e9l\u00e9bration (f\u00eates, solstices), d&rsquo;harmonisation, ou d\u2019initiation.<\/p>\n<p style=\"padding: 0 20px;\">Il s\u2019agit d\u2019une pratique non th\u00e9rapeutique et non religieuse, bas\u00e9e sur les enseignements de la roue de m\u00e9decine Lakota et son principe de loi \u00e9volutive.<\/p>\n<p style=\"padding: 0 20px;\">Ces rituels universels font appel \u00e0 la cr\u00e9ativit\u00e9 commune du praticien et de la personne en demande (en effet il s\u2019agit l\u00e0 d\u2019une cocr\u00e9ation) afin que la personne accompagn\u00e9e puisse formuler ses besoins et devienne le sujet de sa propre c\u00e9l\u00e9bration.<\/p>\n<p style=\"padding: 0 20px 20px 20px;\">Ils sont nomm\u00e9s \u00e9corituels\u00ae car ils se vivent dans la nature et\/ou avec des \u00e9l\u00e9ments de la nature. Ils permettent \u00e0 chacun d&rsquo;instaurer dans son quotidien une nouvelle vision du monde \u00e9cologique, sacralis\u00e9e, r\u00e9enchant\u00e9e.<\/p>\n<p><span style=\"color: #000; padding: 0 20px;\">L&rsquo;\u00e9corituel\u00ae se d\u00e9roule en 3 \u00e9tapes :<\/span><\/p>\n<p style=\"padding: 0 20px;\">Nous commen\u00e7ons par un entretien de pr\u00e9paration afin de clarifier l&rsquo;intention et permettre au praticien de mieux conna\u00eetre la personne, son environnement, son chemin de vie, et l\u00e0 o\u00f9 elle se situe. Durant cet entretien, le praticien questionne la personne sur sa relation \u00e0 la nature, aux diff\u00e9rents \u00e9l\u00e9ments, aux diff\u00e9rents r\u00e8gnes. Tous ces \u00e9l\u00e9ments d&rsquo;informations vont aider le praticien \u00e0 cr\u00e9er l&rsquo;\u00e9corituel (choix du lieu, d\u00e9roul\u00e9 de la mise en sc\u00e8ne, &#8230;). A l&rsquo;issue de cette premi\u00e8re rencontre, un rendez-vous est pris pour la c\u00e9l\u00e9bration du rituel.<\/p>\n<p style=\"padding: 0 20px;\">Ensuite l&rsquo;\u00e9corituel\u00ae a lieu \u00e0 l\u2019endroit choisi par la personne et\/ou recommand\u00e9 par le praticien. Il peut se d\u00e9rouler en pr\u00e9sence du praticien ou il se peut que la personne le r\u00e9alise seule (on parle dans ce cas d\u2019un rituel mandat\u00e9).<br \/>\nPour terminer, une rencontre se fait apr\u00e8s le rituel pour \u00e9changer sur le v\u00e9cu de la personne et ses prises de conscience. Cette rencontre permet au praticien de recommander d&rsquo;autres pratiques individuelles pour ancrer ce qui s&rsquo;est pass\u00e9.<\/p>\n<p><center><img decoding=\"async\" class=\"shadowbox bounceIn\" style=\"width: 800px; height: auto; margin: 50px 0;\" src=\"https:\/\/www.plumlune.ch\/fr\/wp-content\/uploads\/2019\/08\/ecorituel.jpg\" \/><\/center><\/p>\n<p style=\"padding: 0 20px;\">L&rsquo;\u00e9corituel\u00ae peut \u00e9galement se pratiquer pour un couple ou un duo (m\u00e8re-fille, p\u00e8re-fils) avec pour condition que les deux personnes soient d&rsquo;accord de s&rsquo;engager dans cette pratique et que leur intention soit commune.<\/p>\n<p style=\"padding: 0 20px;\">Il est possible de vivre des \u00e9corituels\u00ae en groupe. La demande pouvant venir d\u2019une famille, d\u2019un cercle d&rsquo;amis, ou des coll\u00e8gues\u2026par exemple, passage de la jeune fille \u00e0 l&rsquo;\u00e9pouse (ce que l&rsquo;on nomme populairement enterrement de vie de jeune fille), passage de la femme cyclique \u00e0 la femme m\u00e9nopaus\u00e9e, c\u00e9r\u00e9monie pour le d\u00e9part \u00e0 la retraite d&rsquo;une coll\u00e8gue, c\u00e9l\u00e9bration d&rsquo;une gu\u00e9rison, rituel de deuil\u2026etc.<\/p>\n<p style=\"padding: 0 20px;\">Le praticien lui-m\u00eame peut aussi proposer un \u00e9corituel\u00ae avec une th\u00e9matique pr\u00e9cise : c\u00e9l\u00e9bration du passage d\u2019une saison \u00e0 l\u2019autre, et\/ou d&rsquo;un \u00e9tat d&rsquo;\u00eatre li\u00e9 \u00e0 celle-ci (la p\u00e9tillance du printemps, l&rsquo;abondance de l&rsquo;\u00e9t\u00e9, les rites de compostage de l&rsquo;automne, les enseignements de l&rsquo;hiver), se souvenir et honorer nos anc\u00eatres\u2026etc\u2026.<\/p>\n<p style=\"padding: 0 20px;\">La fondatrice des \u00e9corituels\u00ae est Marianne Grasselli Meier (<a href=\"https:\/\/www.espritdefemme.ch\" target=\"_blank\" rel=\"noopener\">www.espritdefemme.ch)<\/a><\/p>\n<p>[vc_empty_space height=\u00a0\u00bb60px\u00a0\u00bb]<\/p>\n<div class='dt-sc-title with-two-border with-sub-title '><h2>Rituel Premi\u00e8res Lunes<\/h2><h3>(pour les adolescentes)<\/h3><\/div>[vc_column_text css_animation=\u00a0\u00bbfadeInUp\u00a0\u00bb css=\u00a0\u00bb.vc_custom_1675611017552{margin-bottom: 30px !important;}\u00a0\u00bb]<\/p>\n<p><center>Votre fille devient une femme ? \u00c7a se f\u00eate !<\/center>&nbsp;<\/p>\n<p style=\"padding: 0 20px;\">Je vous propose un rituel pour f\u00eater dignement ce bel \u00e9v\u00e9nement. Je pense qu\u2019il est primordial et fondamental d\u2019honorer une jeune fille qui a ses premiers saignements, de la f\u00e9liciter, de lui rendre hommage et de la conforter dans l\u2019id\u00e9e qu\u2019elle est magnifique et que son corps est Sacr\u00e9.<\/p>\n<p>&nbsp;<\/p>\n<p style=\"padding: 0 20px;\">Je vous propose une rencontre sous forme de Cercle de Femmes o\u00f9 les femmes les plus proches de l\u2019entourage de la jeune fille sont les bienvenues pour c\u00e9l\u00e9brer, ensemble, cet \u00e9v\u00e9nement unique. M\u00e8re, grand-m\u00e8re, tante, meilleure(s) amie(s), cousine(s)\u2026sont chaleureusement invit\u00e9es. Possibilit\u00e9 de faire ce rituel chez vous \u00e0 domicile (maximum 10-12 participantes\u2026o\u00f9 selon la taille de votre salon) ou dans ma petite maison de sorci\u00e8re, au milieu des vignes (maximum 5 participantes).<br \/>\nPour ce rituel, nos amis les hommes ne sont pas convi\u00e9s, merci de votre compr\u00e9hension ! Pour plus d\u2019informations (organisation, tarifs\u2026) merci de me contacter.<\/p>\n<p><center><img decoding=\"async\" class=\"shadowbox bounceIn\" style=\"width: 800px; height: auto; margin: 50px 0;\" src=\"https:\/\/www.plumlune.ch\/fr\/wp-content\/uploads\/2019\/08\/rituel-premiere-lune.jpg\" \/><\/center><\/p>\n<p>[\/vc_column_text][vc_column_inner width=\u00a0\u00bb4\/4&Prime;]<\/p>\n<p>[\/vc_column_inner]<div id=\"\" class=\"dt-sc-empty-space\"><\/div>[\/vc_row][vc_column][\/vc_column]<h2 class='hr-title'><span>Comment fixer un rendez-vous<\/span><\/h2><div id=\"\" class=\"dt-sc-empty-space\"><\/div>[vc_column css_animation=\u00a0\u00bbbounceIn\u00a0\u00bb width=\u00a0\u00bb1\/3&Prime;][vc_column_text]<a class='dt-sc-colored-big-buttons with-left-icon blue ' target=' _blank' title='' href='tel:00798161995'> <span class='pe-icon pe-phone'> <\/span> Contact <br> <strong>T\u00e9l\u00e9phone<\/strong> <\/a>[\/vc_column_text][\/vc_column][vc_column css_animation=\u00a0\u00bbbounceIn\u00a0\u00bb width=\u00a0\u00bb1\/3&Prime;][vc_column_text]<a class='dt-sc-colored-big-buttons with-left-icon orange ' target=' _blank' title='' href='mailto:maelle@plumlune.ch'> <span class='pe-icon pe-mail'> <\/span> Contact <br> <strong>e-mail<\/strong> <\/a>[\/vc_column_text][\/vc_column][vc_column css_animation=\u00a0\u00bbbounceIn\u00a0\u00bb width=\u00a0\u00bb1\/3&Prime;][vc_column_text]<a class='dt-sc-colored-big-buttons with-left-icon green ' target=' _blank' title='' href='https:\/\/www.plumlune.ch\/fr\/appointments\/'> <span class='pe-icon pe-note2'> <\/span> Contact <br> <strong>formulaire<\/strong> <\/a>[\/vc_column_text][\/vc_column]<\/p>\n","protected":false},"excerpt":{"rendered":"<p>[vc_row][vc_column][\/vc_column]EcorituelsJe suis praticienne dipl\u00f4m\u00e9e en Ecorituels\u00ae. [vc_column_text css_animation=\u00a0\u00bbfadeInUp\u00a0\u00bb css=\u00a0\u00bb.vc_custom_1638653171003{margin-bottom: 30px !important;}\u00a0\u00bb] Laissez-moi vous en dire plus\u2026! Notre soci\u00e9t\u00e9 actuelle est au carrefour de plusieurs mouvances spirituelles : une partie de la soci\u00e9t\u00e9 a besoin de rituels et suit ceux propos\u00e9s dans leurs communaut\u00e9s religieuses, d\u2019autres les ont totalement refus\u00e9s. D\u2019autres encore cherchent dans l\u2019accompagnement th\u00e9rapeutique, [&hellip;]<\/p>\n","protected":false},"author":1,"featured_media":0,"parent":0,"menu_order":0,"comment_status":"open","ping_status":"closed","template":"","meta":{"footnotes":""},"class_list":["post-2174","page","type-page","status-publish","hentry"],"_links":{"self":[{"href":"https:\/\/www.plumlune.ch\/fr\/wp-json\/wp\/v2\/pages\/2174","targetHints":{"allow":["GET"]}}],"collection":[{"href":"https:\/\/www.plumlune.ch\/fr\/wp-json\/wp\/v2\/pages"}],"about":[{"href":"https:\/\/www.plumlune.ch\/fr\/wp-json\/wp\/v2\/types\/page"}],"author":[{"embeddable":true,"href":"https:\/\/www.plumlune.ch\/fr\/wp-json\/wp\/v2\/users\/1"}],"replies":[{"embeddable":true,"href":"https:\/\/www.plumlune.ch\/fr\/wp-json\/wp\/v2\/comments?post=2174"}],"version-history":[{"count":31,"href":"https:\/\/www.plumlune.ch\/fr\/wp-json\/wp\/v2\/pages\/2174\/revisions"}],"predecessor-version":[{"id":10519,"href":"https:\/\/www.plumlune.ch\/fr\/wp-json\/wp\/v2\/pages\/2174\/revisions\/10519"}],"wp:attachment":[{"href":"https:\/\/www.plumlune.ch\/fr\/wp-json\/wp\/v2\/media?parent=2174"}],"curies":[{"name":"wp","href":"https:\/\/api.w.org\/{rel}","templated":true}]}}