{"id":1861,"date":"2023-02-05T11:15:54","date_gmt":"2023-02-05T10:15:54","guid":{"rendered":"http:\/\/wedesignthemes.com\/themes\/spalab\/?page_id=1861"},"modified":"2023-02-05T22:41:35","modified_gmt":"2023-02-05T21:41:35","slug":"le-secret","status":"publish","type":"page","link":"https:\/\/www.plumlune.ch\/fr\/le-secret\/","title":{"rendered":"Le Secret"},"content":{"rendered":"<p>[vc_row][vc_column][\/vc_column]<div class='dt-sc-title with-two-border with-sub-title '><h2>Le Secret<\/h2><h3><\/h3><\/div>[vc_column_text css_animation=\u00a0\u00bbfadeInUp\u00a0\u00bb css=\u00a0\u00bb.vc_custom_1675611017552{margin-bottom: 30px !important;}\u00a0\u00bb]<\/p>\n<p><center><\/center>&nbsp;<\/p>\n<p style=\"padding: 0 20px;\">En plus de certains soins MoonMother\u00ae qui peuvent se faire \u00e0 distance, je poss\u00e8de le Secret de gu\u00e9rison et sur appel de votre part, je coupe le feu, le sang, la douleur.<\/p>\n<p>&nbsp;<\/p>\n<p style=\"padding: 0 20px;\">Je ne travaille pas sur les verrues. Merci.<\/p>\n<p><center><img decoding=\"async\" class=\"bounceIn\" style=\"width: 800px; height: auto; margin: 50px 0;\" src=\"https:\/\/www.plumlune.ch\/fr\/wp-content\/uploads\/2019\/08\/pranic-healing.jpg\" \/><\/center><div id=\"\" class=\"dt-sc-empty-space\"><\/div>[\/vc_row][vc_column][\/vc_column]<h2 class='hr-title'><span>Comment fixer un rendez-vous<\/span><\/h2><div id=\"\" class=\"dt-sc-empty-space\"><\/div>[vc_column css_animation=\u00a0\u00bbbounceIn\u00a0\u00bb width=\u00a0\u00bb1\/3&Prime;][vc_column_text]<a class='dt-sc-colored-big-buttons with-left-icon blue ' target=' _blank' title='' href='tel:00798161995'> <span class='pe-icon pe-phone'> <\/span> Contact <br> <strong>T\u00e9l\u00e9phone<\/strong> <\/a>[\/vc_column_text][\/vc_column][vc_column css_animation=\u00a0\u00bbbounceIn\u00a0\u00bb width=\u00a0\u00bb1\/3&Prime;][vc_column_text]<a class='dt-sc-colored-big-buttons with-left-icon orange ' target=' _blank' title='' href='mailto:maelle@plumlune.ch'> <span class='pe-icon pe-mail'> <\/span> Contact <br> <strong>e-mail<\/strong> <\/a>[\/vc_column_text][\/vc_column][vc_column css_animation=\u00a0\u00bbbounceIn\u00a0\u00bb width=\u00a0\u00bb1\/3&Prime;][vc_column_text]<a class='dt-sc-colored-big-buttons with-left-icon green ' target=' _blank' title='' href='https:\/\/www.plumlune.ch\/fr\/appointments\/'> <span class='pe-icon pe-note2'> <\/span> Contact <br> <strong>formulaire<\/strong> <\/a>[\/vc_column_text][\/vc_column]<\/p>\n","protected":false},"excerpt":{"rendered":"<p>[vc_row][vc_column][\/vc_column]Le Secret[vc_column_text css_animation=\u00a0\u00bbfadeInUp\u00a0\u00bb css=\u00a0\u00bb.vc_custom_1675611017552{margin-bottom: 30px !important;}\u00a0\u00bb] &nbsp; En plus de certains soins MoonMother\u00ae qui peuvent se faire \u00e0 distance, je poss\u00e8de le Secret de gu\u00e9rison et sur appel de votre part, je coupe le feu, le sang, la douleur. &nbsp; Je ne travaille pas sur les verrues. Merci. [\/vc_row][vc_column][\/vc_column]Comment fixer un rendez-vous[vc_column css_animation=\u00a0\u00bbbounceIn\u00a0\u00bb width=\u00a0\u00bb1\/3&Prime;][vc_column_text] Contact [&hellip;]<\/p>\n","protected":false},"author":1,"featured_media":0,"parent":0,"menu_order":0,"comment_status":"open","ping_status":"closed","template":"","meta":{"footnotes":""},"class_list":["post-1861","page","type-page","status-publish","hentry"],"_links":{"self":[{"href":"https:\/\/www.plumlune.ch\/fr\/wp-json\/wp\/v2\/pages\/1861","targetHints":{"allow":["GET"]}}],"collection":[{"href":"https:\/\/www.plumlune.ch\/fr\/wp-json\/wp\/v2\/pages"}],"about":[{"href":"https:\/\/www.plumlune.ch\/fr\/wp-json\/wp\/v2\/types\/page"}],"author":[{"embeddable":true,"href":"https:\/\/www.plumlune.ch\/fr\/wp-json\/wp\/v2\/users\/1"}],"replies":[{"embeddable":true,"href":"https:\/\/www.plumlune.ch\/fr\/wp-json\/wp\/v2\/comments?post=1861"}],"version-history":[{"count":8,"href":"https:\/\/www.plumlune.ch\/fr\/wp-json\/wp\/v2\/pages\/1861\/revisions"}],"predecessor-version":[{"id":10504,"href":"https:\/\/www.plumlune.ch\/fr\/wp-json\/wp\/v2\/pages\/1861\/revisions\/10504"}],"wp:attachment":[{"href":"https:\/\/www.plumlune.ch\/fr\/wp-json\/wp\/v2\/media?parent=1861"}],"curies":[{"name":"wp","href":"https:\/\/api.w.org\/{rel}","templated":true}]}}