{"id":1766,"date":"2023-02-05T10:43:59","date_gmt":"2023-02-05T09:43:59","guid":{"rendered":"http:\/\/wedesignthemes.com\/themes\/spalab\/?page_id=1766"},"modified":"2023-02-06T11:07:19","modified_gmt":"2023-02-06T10:07:19","slug":"cercles-tarots","status":"publish","type":"page","link":"https:\/\/www.plumlune.ch\/fr\/cercles-tarots\/","title":{"rendered":"Cercles et Tarot"},"content":{"rendered":"<p>[vc_row][vc_column][\/vc_column]<div class='dt-sc-title with-two-border with-sub-title '><h2>Les Cercles<\/h2><h3>J\u2019organise des Cercles de Femmes sous la Tente Rouge.<\/h3><\/div>[vc_column_text css_animation=\u00a0\u00bbfadeInUp\u00a0\u00bb css=\u00a0\u00bb.vc_custom_1675635480355{margin-bottom: 30px !important;}\u00a0\u00bb]<\/p>\n<p style=\"padding: 0 20px;\">Les tentes rouges font r\u00e9f\u00e9rence \u00e0 une tradition ancienne de regroupement des femmes en un lieu qui leur est d\u00e9di\u00e9, pour partager et c\u00e9l\u00e9brer les petits et grands \u00e9v\u00e9nements de leur vie et de leur f\u00e9minit\u00e9\u2026 Elles peuvent \u00eatre \u00e0 th\u00e8me ou neutre. On retrouve leur trace aux quatre coins du monde \u00e0 travers l\u2019histoire, dans les cultures anciennes, en Afrique, au bord de la M\u00e9diterran\u00e9e, en Am\u00e9rique du Nord et du Sud. Aujourd\u2019hui les tentes rouges modernes permettent de recr\u00e9er cet espace ou les femmes se retrouvaient et invitent au partage.<\/p>\n<p style=\"padding: 0 20px;\">C\u2019est un espace hors du temps, c\u2019est un refuge, un lieu de ressource, et de confiance o\u00f9 tu peux laisser tomber tes armures pour te laisser \u00eatre et lib\u00e9rer ta parole sur ton v\u00e9cu de Femme.<\/p>\n<p style=\"padding: 0 20px;\">Pour d\u00e9poser ce qui n\u2019a plus lieu d\u2019\u00eatre, et go\u00fbter \u00e0 cette puissance d\u2019\u00eatre ensemble, dans la sororit\u00e9.<\/p>\n<p style=\"padding: 0 20px;\">La Tente Rouge est un espace propice \u00e0 l\u2019intimit\u00e9, \u00e0 la confidentialit\u00e9, au non-jugement, au partage et \u00e0 la bienveillance<\/p>\n<p><center><a href=\"https:\/\/tentes-rouges.ch\/\" target=\"_blank\" rel=\"noopener\"><img decoding=\"async\" class=\"shadowbox bounceIn\" style=\"width: 800px; height: auto; margin: 50px 0;\" src=\"https:\/\/www.plumlune.ch\/fr\/wp-content\/uploads\/2019\/08\/Tente-Rouge.jpg\" \/><\/a><\/center><\/p>\n<div style=\"width: 100%; margin-bottom: 50px;\">\n<div style=\"background-color: #f8f8f8; padding: 25px; width: 75%; margin-left: auto; margin-right: auto;\"><center><span style=\"font-size: 20px;\">\u00ab\u00a0<\/span> C\u2019est tellement rare, c\u2019est tellement improbable,<br \/>\nc\u2019est tellement miraculeux, que c\u2019est peut-\u00eatre \u00e7a la civilisation et la culture\u2026<br \/>\nRencontrer quelqu\u2019un qui \u00e9coute !<\/center><\/p>\n<p style=\"text-align: right; padding-right: 30px;\">Michel Serres <span style=\"font-size: 20px;\">\u00ab\u00a0<\/span><\/p>\n<\/div>\n<\/div>\n<p>&nbsp;<\/p>\n<p><center><span style=\"color: #121212; padding: 0 20px; font-size: 18px; font-family: arial;\">Sous la Tente Rouge, j\u2019organise 3 concepts de cercles<\/span><\/center><\/p>\n<div style=\"width: 100%; text-align: center;\">\n<p>&nbsp;<\/p>\n<div style=\"width: 75%; margin-left: auto; margin-right: auto;\">&#8211; Un Cercle de M\u00e9decine de la Parole Libre, o\u00f9 chacune est invit\u00e9e \u00e0 parler librement et \u00e0 s\u2019exprimer sur ce qu\u2019elle souhaite. Je pr\u00e9cise que s\u2019exprimer ne doit jamais \u00eatre une contrainte, les femmes les plus r\u00e9serv\u00e9es peuvent simplement venir \u00e9couter et garder le silence si elles le souhaitent.<\/div>\n<p>&nbsp;<\/p>\n<\/div>\n<p><center><img decoding=\"async\" class=\"shadowbox bounceIn\" style=\"max-width: 800px; height: auto; margin: 50px 0;\" src=\"https:\/\/www.plumlune.ch\/fr\/wp-content\/uploads\/2019\/08\/cercle-de-medecine.png\" \/><\/center>&nbsp;<\/p>\n<div style=\"width: 100%; text-align: center;\">\n<p>&nbsp;<\/p>\n<div style=\"width: 71%; margin-left: auto; margin-right: auto;\">&#8211; Je propose \u00e9galement un Cercle de D\u00e9couverte et d\u2019Enseignements des 4 arch\u00e9types f\u00e9minins selon Miranda Gray. Il s\u2019agit d\u2019une suite de 4 cercles o\u00f9 nous allons \u00e0 la rencontre des 4 femmes int\u00e9rieures qui r\u00e9sident dans notre ut\u00e9rus. Nous explorons leurs messages et leur magie en essayant de les inclure dans notre quotidien.<\/div>\n<p>&nbsp;<\/p>\n<\/div>\n<p><center><img decoding=\"async\" class=\"shadowbox bounceIn\" style=\"width: 800px; height: auto; margin: 50px 0;\" src=\"https:\/\/www.plumlune.ch\/fr\/wp-content\/uploads\/2019\/08\/Cercle-de-decouverte.png\" \/><\/center>&nbsp;<\/p>\n<div style=\"width: 100%;\">\n<div style=\"width: 75%; margin-left: auto; margin-right: auto; text-align: center;\">\n<p>&#8211; Et enfin, je propose un Cercle de Contes dont je suis l\u2019auteure. Chacune est invit\u00e9e \u00e0 venir \u00e9couter des Contes initiatiques et spirituels sur le th\u00e8me du F\u00e9minin Sacr\u00e9.<\/p>\n<p style=\"margin-top: 50px;\">Toutes ces rencontres se font le jeudi soir, de 20h30 \u00e0 22h30 \u00e0 la Rue de la Losentze 24 \u00e0 Chamoson<\/p>\n<p>Pour connaitre les dates pr\u00e9cises de chaque cercle merci de me contacter !<\/p>\n<p>Sur inscription. Participation sugg\u00e9r\u00e9e 20 chf.<\/p>\n<\/div>\n<\/div>\n<p>[\/vc_column_text][vc_column_text css_animation=\u00a0\u00bbfadeInUp\u00a0\u00bb css=\u00a0\u00bb.vc_custom_1675678033239{margin-bottom: 30px !important;}\u00a0\u00bb]<\/p>\n<p><center><img decoding=\"async\" class=\"shadowbox bounceIn\" style=\"width: 50% !important; height: auto; margin: 50px 0;\" src=\"https:\/\/www.plumlune.ch\/fr\/wp-content\/uploads\/2019\/08\/maelle-en-couleur.jpg\" \/><\/center>[vc_column_text css_animation=\u00a0\u00bbfadeInUp\u00a0\u00bb css=\u00a0\u00bb.vc_custom_1638653171003{margin-bottom: 30px !important;}\u00a0\u00bb]<br \/>\n[vc_row][vc_column][\/vc_column]<div class='dt-sc-title with-two-border with-sub-title '><h2>Tarot<\/h2><h3>Je propose des s\u00e9ances de lecture de Tarot.<\/h3><\/div>[vc_column_text css_animation=\u00a0\u00bbfadeInUp\u00a0\u00bb css=\u00a0\u00bb.vc_custom_1675635480355{margin-bottom: 30px !important;}\u00a0\u00bb]<\/p>\n<p style=\"padding: 0 20px;\">Je suis \u00e0 l\u2019\u00e9coute de vos envies, vos questions et vos doutes.<\/p>\n<p style=\"padding: 0 20px;\">Le tarot est consid\u00e9r\u00e9 par certaines personnes comme une forme de \u00ab voyance \u00bb, ce qui reste interdit dans plusieurs communaut\u00e9s religieuses. Mais en r\u00e9alit\u00e9 il s\u2019agit plut\u00f4t d\u2019un art divinatoire et parler de voyance reste une d\u00e9finition tr\u00e8s limit\u00e9e de ce qu\u2019est vraiment le Tarot, et de ce qu\u2019il peut apporter \u00e0 ceux et celles qui souhaitent d\u00e9couvrir sa sagesse. En fait il existe une distinction cruciale entre voyance et divination.<\/p>\n<p style=\"padding: 0 20px;\">La voyance appartient au domaine de la \u00ab bonne aventure \u00bb. Le consultant est un spectateur passif, impuissant, se demandant ce que l\u2019avenir lui r\u00e9serve, comme si celui-ci \u00e9tait grav\u00e9 dans le marbre et qu\u2019il ne pouvait rien y faire ! Tout cela n\u2019est pas tr\u00e8s valorisant\u2026pas \u00e9tonnant que les cartes de Tarot rendent certaines personnes nerveuses<\/p>\n<p style=\"padding: 0 20px;\">La divination en revanche est l\u2019art d\u2019acc\u00e9der aux informations, \u00e0 la sagesse et aux conseils du Royaume invisible, connu sous les noms de plan \u00e9th\u00e9r\u00e9, royaume astral, invisible ou divin. Il s\u2019agit d\u2019un royaume auquel nous avons tous acc\u00e8s, puisque nous faisons partie de l\u2019Univers interconnect\u00e9. Le Tarot est un outil permettant de comprendre le langage de ce royaume, tel qu\u2019il s\u2019applique aux circonstances de notre vie et \u00e0 notre d\u00e9veloppement en tant qu\u2019\u00eatres spirituels . Vu sous cet angle, l\u2019exp\u00e9rience du tarot peut en effet \u00eatre puissante et int\u00e9ressante, car elle apporte de la clart\u00e9 dans des situations confuses et nous montre que nous avons la capacit\u00e9 de fa\u00e7onner notre avenir en fonction de nos propres choix dans le pr\u00e9sent<\/p>\n<div style=\"width: 100%;\">\n<div style=\"width: 75%; margin-left: auto; margin-right: auto; text-align: center;\">\n<p style=\"margin-top: 50px;\">Une consultation dure environ 1h \u00e0 1h30<\/p>\n<p>Prix : 50 chf.<\/p>\n<\/div>\n<\/div>\n<p><center><img decoding=\"async\" class=\"shadowbox bounceIn\" style=\"max-width: 800px; height: auto; margin: 50px 0;\" src=\"https:\/\/www.plumlune.ch\/fr\/wp-content\/uploads\/2019\/08\/Le-Tarot.jpg\" \/><\/center>[\/vc_column_text][vc_column_inner width=\u00a0\u00bb4\/4&Prime;][vc_column_text][\/vc_column_text][\/vc_column_inner]<div id=\"1675613868395-e975dc14-e88b\" class=\"dt-sc-empty-space\"><\/div>[\/vc_row][vc_column][\/vc_column]<h2 class='hr-title'><span>Comment fixer un rendez-vous<\/span><\/h2><div id=\"1675613868427-b3f0a0d5-7338\" class=\"dt-sc-empty-space\"><\/div>[vc_column css_animation=\u00a0\u00bbbounceIn\u00a0\u00bb width=\u00a0\u00bb1\/3&Prime;][vc_column_text]<a class='dt-sc-colored-big-buttons with-left-icon blue ' target=' _blank' title='' href='tel:00798161995'> <span class='pe-icon pe-phone'> <\/span> Contact <br> <strong>T\u00e9l\u00e9phone<\/strong> <\/a>[\/vc_column_text][\/vc_column][vc_column css_animation=\u00a0\u00bbbounceIn\u00a0\u00bb width=\u00a0\u00bb1\/3&Prime;][vc_column_text]<a class='dt-sc-colored-big-buttons with-left-icon orange ' target=' _blank' title='' href='mailto:maelle@plumlune.ch'> <span class='pe-icon pe-mail'> <\/span> Contact <br> <strong>e-mail<\/strong> <\/a>[\/vc_column_text][\/vc_column][vc_column css_animation=\u00a0\u00bbbounceIn\u00a0\u00bb width=\u00a0\u00bb1\/3&Prime;][vc_column_text]<a class='dt-sc-colored-big-buttons with-left-icon green ' target=' _blank' title='' href='https:\/\/www.plumlune.ch\/fr\/appointments\/'> <span class='pe-icon pe-note2'> <\/span> Contact <br> <strong>formulaire<\/strong> <\/a>[\/vc_column_text][\/vc_column]<\/p>\n","protected":false},"excerpt":{"rendered":"<p>[vc_row][vc_column][\/vc_column]Les CerclesJ\u2019organise des Cercles de Femmes sous la Tente Rouge.[vc_column_text css_animation=\u00a0\u00bbfadeInUp\u00a0\u00bb css=\u00a0\u00bb.vc_custom_1675635480355{margin-bottom: 30px !important;}\u00a0\u00bb] Les tentes rouges font r\u00e9f\u00e9rence \u00e0 une tradition ancienne de regroupement des femmes en un lieu qui leur est d\u00e9di\u00e9, pour partager et c\u00e9l\u00e9brer les petits et grands \u00e9v\u00e9nements de leur vie et de leur f\u00e9minit\u00e9\u2026 Elles peuvent \u00eatre \u00e0 th\u00e8me [&hellip;]<\/p>\n","protected":false},"author":1,"featured_media":0,"parent":0,"menu_order":0,"comment_status":"open","ping_status":"closed","template":"","meta":{"footnotes":""},"class_list":["post-1766","page","type-page","status-publish","hentry"],"_links":{"self":[{"href":"https:\/\/www.plumlune.ch\/fr\/wp-json\/wp\/v2\/pages\/1766","targetHints":{"allow":["GET"]}}],"collection":[{"href":"https:\/\/www.plumlune.ch\/fr\/wp-json\/wp\/v2\/pages"}],"about":[{"href":"https:\/\/www.plumlune.ch\/fr\/wp-json\/wp\/v2\/types\/page"}],"author":[{"embeddable":true,"href":"https:\/\/www.plumlune.ch\/fr\/wp-json\/wp\/v2\/users\/1"}],"replies":[{"embeddable":true,"href":"https:\/\/www.plumlune.ch\/fr\/wp-json\/wp\/v2\/comments?post=1766"}],"version-history":[{"count":35,"href":"https:\/\/www.plumlune.ch\/fr\/wp-json\/wp\/v2\/pages\/1766\/revisions"}],"predecessor-version":[{"id":10513,"href":"https:\/\/www.plumlune.ch\/fr\/wp-json\/wp\/v2\/pages\/1766\/revisions\/10513"}],"wp:attachment":[{"href":"https:\/\/www.plumlune.ch\/fr\/wp-json\/wp\/v2\/media?parent=1766"}],"curies":[{"name":"wp","href":"https:\/\/api.w.org\/{rel}","templated":true}]}}