{"id":10223,"date":"2019-09-24T17:46:34","date_gmt":"2019-09-24T15:46:34","guid":{"rendered":"https:\/\/www.plumlune.ch\/fr\/?page_id=10223"},"modified":"2021-12-05T12:55:55","modified_gmt":"2021-12-05T11:55:55","slug":"mentions-legales","status":"publish","type":"page","link":"https:\/\/www.plumlune.ch\/fr\/mentions-legales\/","title":{"rendered":"Mentions L\u00e9gales"},"content":{"rendered":"\r\n<h3>PLUM&rsquo;LUNE.CH<\/h3>\r\n<p style=\"line-height: 18px; margin-bottom: 12px; color: #999999;\"><a href=\"https:\/\/www.google.fr\/maps\/place\/Camping+du+Botza\/@46.206045,7.2764666,17z\/data=!3m1!4b1!4m8!3m7!1s0x478edb55da429491:0x6c65cc893bd658a8!5m2!4m1!1i2!8m2!3d46.2060413!4d7.2786606\" target=\"_blank\" rel=\"noopener noreferrer\"><i class=\"fa fa-map-marker\" style=\"display: inline-block; float: left; min-width: 35px; line-height: inherit; font-size: 18px;\"><\/i><span style=\"display: block; overflow: hidden;\"> Rue de la Losentze 24, <\/span><\/a><\/p>\r\n<p style=\"line-height: 18px; margin-bottom: 12px; color: #999999;\"><a href=\"https:\/\/www.google.ch\/maps\/place\/Rue+de+la+Losentze,+1955+Chamoson\/@46.2005585,7.2178365,17z\/data=!4m13!1m7!3m6!1s0x478ec4635fb84e31:0xafe81653c6d6293e!2sRue+de+la+Losentze,+1955+Chamoson!3b1!8m2!3d46.2005585!4d7.2200252!3m4!1s0x478ec4635fb84e31:0xafe81653c6d6293e!8m2!3d46.2005585!4d7.2200252?hl=fr\" target=\"_blank\" rel=\"noopener noreferrer\"><i class=\"fa fa-globe\" style=\"display: inline-block; float: left; min-width: 35px; line-height: inherit; font-size: 18px;\"><\/i><span style=\"display: block; overflow: hidden;\">1955 Chamoson, VS, Suisse<\/span><\/a><\/p>\r\n<p style=\"line-height: 18px; margin-bottom: 12px; color: #999999;\"><a href=\"tel:0041798161995\"><i class=\"fa fa-phone\" style=\"display: inline-block; float: left; min-width: 35px; line-height: inherit; font-size: 18px;\"><\/i><span style=\"display: block; overflow: hidden;\"> +41-79-816.19.95<\/span><\/a><\/p>\r\n<p style=\"line-height: 18px; margin-bottom: 12px; color: #999999;\"><a href=\"mailto:maelle@plumlune.ch\"><i class=\"fa fa-envelope\" style=\"display: inline-block; float: left; min-width: 35px; line-height: inherit; font-size: 18px;\"><\/i><span style=\"display: block; overflow: hidden;\"> maelle@plumlune.ch<\/span><\/a>\r\n\r\n\r\n\r\n<\/p>\r\n<p>&nbsp;<\/p>\r\n<p><strong>Exclusion de la responsabilit\u00e9<\/strong><br \/>L\u2019auteur ne se porte nullement garant de l\u2019exactitude, de la pr\u00e9cision, de l\u2019actualit\u00e9, de la fiabilit\u00e9, ni de l\u2019exhaustivit\u00e9 du contenu des informations.<br \/>Toute pr\u00e9tention en responsabilit\u00e9 contre l\u2019auteur pour cause de dommages mat\u00e9riels ou immat\u00e9riels r\u00e9sultant de l\u2019acc\u00e8s \u00e0 des informations publi\u00e9es ou de leur utilisation ou non-utilisation, de l\u2019usage abusif de la connexion ou de perturbations techniques, est exclue.<\/p>\r\n<p style=\"line-height: 18px; margin-bottom: 12px; color: #999999;\">\r\n\r\n\r\n\r\n<\/p>\r\n<p>Toutes les offres sont sans engagement. L\u2019auteur se r\u00e9serve express\u00e9ment le droit de modifier des parties des sites ou l\u2019ensemble de l\u2019offre sans avis s\u00e9par\u00e9, de les compl\u00e9ter, de les effacer ou de mettre un terme temporaire ou d\u00e9finitif \u00e0 la publication.<\/p>\r\n<p style=\"line-height: 18px; margin-bottom: 12px; color: #999999;\">\r\n\r\n\r\n\r\n<\/p>\r\n<p class=\"wow fadeInUp\"><strong>Responsabilit\u00e9 des liens<\/strong><br \/><span style=\"text-align: justify;\">Les renvois et les liens vers des pages web de tiers ne rel\u00e8vent pas de notre domaine de responsabilit\u00e9. Nous d\u00e9clinons toute responsabilit\u00e9 \u00e0 l\u2019\u00e9gard de tels pages web. L\u2019acc\u00e8s \u00e0 de tels pages web et leur utilisation se font aux propres risques de l\u2019utilisateur ou de l\u2019utilisatrice.<\/span><\/p>\r\n<p style=\"line-height: 18px; margin-bottom: 12px; color: #999999;\">\r\n\r\n\r\n\r\n<\/p>\r\n<p><strong>Droits d\u2019auteur<\/strong><br \/>Les droits d\u2019auteur et tous les autres droits relatifs aux contenus, images, photos ou autres fichiers figurant sur le site Internet, sont la propri\u00e9t\u00e9 exclusive de Plum&rsquo;lune.ch \u00e0 Chamoson ou des titulaires des droits sp\u00e9cialement cit\u00e9s. La reproduction de tout \u00e9l\u00e9ment est soumise \u00e0 l\u2019accord pr\u00e9alable \u00e9crit des titulaires des droits d\u2019auteur.<\/p>\r\n<p style=\"line-height: 18px; margin-bottom: 12px; color: #999999;\">\r\n\r\n\r\n\r\n<\/p>\r\n<p><strong>Protection des donn\u00e9es<\/strong><br \/>Conform\u00e9ment \u00e0 l\u2019article 13 de la Constitution f\u00e9d\u00e9rale suisse et aux dispositions relatives \u00e0 la protection des donn\u00e9es de la Conf\u00e9d\u00e9ration (Loi f\u00e9d\u00e9rale sur la protection des donn\u00e9es, LPD), toute personne a droit \u00e0 la protection de sa sph\u00e8re intime, ainsi qu\u2019\u00e0 la protection contre l\u2019usage abusif de ses donn\u00e9es personnelles. Nous respectons ces dispositions. Les donn\u00e9es personnelles sont trait\u00e9es de mani\u00e8re strictement confidentielle et ne sont ni vendues, ni transmises \u00e0 des tiers.<\/p>\r\n<p style=\"line-height: 18px; margin-bottom: 12px; color: #999999;\">\r\n\r\n\r\n\r\n<\/p>\r\n<p>En collaboration \u00e9troite avec nos fournisseurs d\u2019h\u00e9bergement, nous nous effor\u00e7ons de prot\u00e9ger au mieux les bases de donn\u00e9es contre les acc\u00e8s de tiers, les pertes, les abus ou la falsification.<br \/>Lors de l\u2019acc\u00e8s \u00e0 nos pages web, les donn\u00e9es suivantes sont enregistr\u00e9es dans des fichiers journaux : adresse IP, date, heure, demande du navigateur et informations transmises de mani\u00e8re g\u00e9n\u00e9rale sur le syst\u00e8me d\u2019exploitation, resp. le navigateur. Ces donn\u00e9es d\u2019utilisation constituent la base d\u2019\u00e9valuations statistiques anonymes, \u00e0 partir desquelles il est possible d\u2019observer des tendances nous permettant d\u2019am\u00e9liorer nos offres en cons\u00e9quence.<\/p>\r\n<p style=\"line-height: 18px; margin-bottom: 12px; color: #999999;\">\r\n\r\n\r\n\r\n<\/p>\r\n<p>D\u00e9claration de protection des donn\u00e9es pour l\u2019utilisation de Google Analytics<br \/>Le pr\u00e9sent site Internet utilise Google Analytics, un service d\u2019analyse du r\u00e9seau Internet de la soci\u00e9t\u00e9 Google Inc. (\u00ab Google \u00bb). Google Analytics utilise des \u00ab cookies \u00bb, qui sont des fichiers texte enregistr\u00e9s sur votre ordinateur permettant une analyse de votre utilisation du site Internet. Les informations g\u00e9n\u00e9r\u00e9es par le cookie sur votre utilisation du pr\u00e9sent site Internet sont, en r\u00e8gle g\u00e9n\u00e9rale, transmises \u00e0 un serveur de Google aux \u00c9tats-Unis, o\u00f9 elles sont stock\u00e9es. Cependant, dans le cas de l\u2019activation de l\u2019anonymisation IP sur la pr\u00e9sente page web, votre adresse IP est raccourcie au pr\u00e9alable par Google au sein des \u00c9tats membres de l\u2019Union europ\u00e9enne ou dans d\u2019autres \u00c9tats partie \u00e0 l\u2019accord sur l\u2019Espace \u00e9conomique europ\u00e9en.<br \/>Ce n\u2019est que dans des cas exceptionnels que l\u2019adresse IP compl\u00e8te est envoy\u00e9e \u00e0 un serveur de Google aux \u00c9tats-Unis et y est raccourcie. Google utilise ces informations dans le but d\u2019\u00e9valuer votre utilisation du site Internet, de compiler des rapports sur les activit\u00e9s du site Internet \u00e0 destination de ses exploitants et de fournir d\u2019autres services li\u00e9s \u00e0 l\u2019utilisation du site et du r\u00e9seau Internet. Google est \u00e9galement susceptible de communiquer ces informations \u00e0 des tiers en cas d\u2019obligation l\u00e9gale ou lorsque ces tiers traitent ces donn\u00e9es pour le compte de Google. Google ne joint toutefois pas \u00e0 ces donn\u00e9es l\u2019adresse IP transmise par votre navigateur dans le cadre de Google Analytics.<br \/>Vous pouvez emp\u00eacher toute installation de cookies en param\u00e9trant de fa\u00e7on appropri\u00e9e votre logiciel de navigation ; cependant, nous vous avisons du fait que, dans ce cas, vous n\u2019\u00eates plus en mesure, le cas \u00e9ch\u00e9ant, d\u2019utiliser pleinement l\u2019ensemble des fonctions du pr\u00e9sent site Internet. En utilisant le pr\u00e9sent site Internet, vous consentez express\u00e9ment au traitement des donn\u00e9es pr\u00e9lev\u00e9es par Google \u00e0 votre sujet dans les conditions et pour les finalit\u00e9s d\u00e9crites ci-dessus.<\/p>\r\n<p style=\"line-height: 18px; margin-bottom: 12px; color: #999999;\">\r\n\r\n\r\n\r\n<\/p>\r\n<p style=\"color:#888;\"><strong>Source<\/strong><br \/>Ces mentions l\u00e9gales ont \u00e9t\u00e9 \u00e9tablies \u00e0 l\u2019aide du g\u00e9n\u00e9rateur de mentions l\u00e9gales http:\/\/www.bag.ch\/impressum-generator de la soci\u00e9t\u00e9 Brunner AG, Druck und Medien, de Kriens. La soci\u00e9t\u00e9 Brunner AG, Druck und Medien, de Kriens d\u00e9cline toute responsabilit\u00e9.<\/p>\r\n","protected":false},"excerpt":{"rendered":"<p>PLUM&rsquo;LUNE.CH Rue de la Losentze 24, 1955 Chamoson, VS, Suisse +41-79-816.19.95 maelle@plumlune.ch &nbsp; Exclusion de la responsabilit\u00e9L\u2019auteur ne se porte nullement garant de l\u2019exactitude, de la pr\u00e9cision, de l\u2019actualit\u00e9, de la fiabilit\u00e9, ni de l\u2019exhaustivit\u00e9 du contenu des informations.Toute pr\u00e9tention en responsabilit\u00e9 contre l\u2019auteur pour cause de dommages mat\u00e9riels ou immat\u00e9riels r\u00e9sultant de l\u2019acc\u00e8s \u00e0 [&hellip;]<\/p>\n","protected":false},"author":1,"featured_media":0,"parent":0,"menu_order":0,"comment_status":"closed","ping_status":"closed","template":"","meta":{"footnotes":""},"class_list":["post-10223","page","type-page","status-publish","hentry"],"_links":{"self":[{"href":"https:\/\/www.plumlune.ch\/fr\/wp-json\/wp\/v2\/pages\/10223","targetHints":{"allow":["GET"]}}],"collection":[{"href":"https:\/\/www.plumlune.ch\/fr\/wp-json\/wp\/v2\/pages"}],"about":[{"href":"https:\/\/www.plumlune.ch\/fr\/wp-json\/wp\/v2\/types\/page"}],"author":[{"embeddable":true,"href":"https:\/\/www.plumlune.ch\/fr\/wp-json\/wp\/v2\/users\/1"}],"replies":[{"embeddable":true,"href":"https:\/\/www.plumlune.ch\/fr\/wp-json\/wp\/v2\/comments?post=10223"}],"version-history":[{"count":2,"href":"https:\/\/www.plumlune.ch\/fr\/wp-json\/wp\/v2\/pages\/10223\/revisions"}],"predecessor-version":[{"id":10283,"href":"https:\/\/www.plumlune.ch\/fr\/wp-json\/wp\/v2\/pages\/10223\/revisions\/10283"}],"wp:attachment":[{"href":"https:\/\/www.plumlune.ch\/fr\/wp-json\/wp\/v2\/media?parent=10223"}],"curies":[{"name":"wp","href":"https:\/\/api.w.org\/{rel}","templated":true}]}}